{"id":243352,"date":"2021-11-26T09:03:41","date_gmt":"2021-11-26T09:03:41","guid":{"rendered":"https:\/\/www.obiform.com\/empresa"},"modified":"2025-11-12T11:01:28","modified_gmt":"2025-11-12T11:01:28","slug":"empresa","status":"publish","type":"page","link":"https:\/\/www.obiform.com\/ca\/empresa","title":{"rendered":"Empresa"},"content":{"rendered":"<p>[et_pb_section fb_built=&#8221;1&#8243; _builder_version=&#8221;4.16&#8243; _module_preset=&#8221;default&#8221; use_background_color_gradient=&#8221;on&#8221; background_color_gradient_stops=&#8221;#111e68 0%|#010a23 100%&#8221; background_color_gradient_start=&#8221;#111e68&#8243; background_color_gradient_end=&#8221;#010a23&#8243; background_enable_video_mp4=&#8221;off&#8221; custom_padding=&#8221;0px||0px||true|&#8221; global_colors_info=&#8221;{}&#8221;][et_pb_row _builder_version=&#8221;4.16&#8243; _module_preset=&#8221;default&#8221; background_video_mp4=&#8221;https:\/\/obiform.com\/wp-content\/uploads\/2022\/02\/obiform_empresa.mp4&#8243; max_width=&#8221;600px&#8221; max_width_tablet=&#8221;600px&#8221; max_width_phone=&#8221;100%&#8221; max_width_last_edited=&#8221;on|phone&#8221; global_colors_info=&#8221;{}&#8221;][et_pb_column type=&#8221;4_4&#8243; _builder_version=&#8221;4.16&#8243; _module_preset=&#8221;default&#8221; global_colors_info=&#8221;{}&#8221;][et_pb_divider show_divider=&#8221;off&#8221; _builder_version=&#8221;4.16&#8243; _module_preset=&#8221;default&#8221; height=&#8221;200px&#8221; height_tablet=&#8221;200px&#8221; height_phone=&#8221;120px&#8221; height_last_edited=&#8221;on|phone&#8221; global_colors_info=&#8221;{}&#8221;][\/et_pb_divider][\/et_pb_column][\/et_pb_row][\/et_pb_section][et_pb_section fb_built=&#8221;1&#8243; _builder_version=&#8221;4.16&#8243; _module_preset=&#8221;default&#8221; custom_padding=&#8221;44px||44px||true|&#8221; global_colors_info=&#8221;{}&#8221;][et_pb_row column_structure=&#8221;1_2,1_2&#8243; _builder_version=&#8221;4.16&#8243; _module_preset=&#8221;default&#8221; custom_padding=&#8221;0px||47px|||&#8221; global_colors_info=&#8221;{}&#8221;][et_pb_column type=&#8221;1_2&#8243; _builder_version=&#8221;4.16&#8243; _module_preset=&#8221;default&#8221; global_colors_info=&#8221;{}&#8221;][et_pb_text _builder_version=&#8221;4.18.0&#8243; _module_preset=&#8221;default&#8221; text_orientation=&#8221;justified&#8221; hover_enabled=&#8221;0&#8243; text_orientation_tablet=&#8221;justified&#8221; text_orientation_phone=&#8221;left&#8221; text_orientation_last_edited=&#8221;on|desktop&#8221; global_colors_info=&#8221;{}&#8221; sticky_enabled=&#8221;0&#8243;]<\/p>\n<h3>Empresa<\/h3>\n<p>Disposem de m\u00e9s de 4.000 m\u00b2 operatius de f\u00e0brica, la qual cosa ens permet atendre a totes les exig\u00e8ncies d&#8217;un mercat en cont\u00ednua evoluci\u00f3, \u00e9s per aix\u00f2 i per entendre que els nostres clients s\u00f3n la nostra ra\u00f3 de ser, que evolucionem t\u00e8cnica i professionalment, per aix\u00f2 ens anem dotant dels mitjans t\u00e8cnics i personals necessaris per a atendre qualsevol mena de fabricaci\u00f3, est\u00e0ndard o especial que sigui requerida des de qualsevol sector industrial.<\/p>\n<p>Les nostres l\u00ednies de producci\u00f3 estan enfocades principalment a tres sectors: industrial, confort i especials, sent el primer, el sector que major diversitat de productes genera, com s\u00f3n els orientats a l&#8217;ac\u00fastica, automoci\u00f3, embalatge, productes hospitalaris i un llarg etc\u00e8tera. La tapisseria i tamb\u00e9 la matalasser\u00eda d&#8217;alta qualitat, continuen sent d&#8217;especial rellev\u00e0ncia dins del nostre cat\u00e0leg.<\/p>\n<p>[\/et_pb_text][\/et_pb_column][et_pb_column type=&#8221;1_2&#8243; _builder_version=&#8221;4.16&#8243; _module_preset=&#8221;default&#8221; global_colors_info=&#8221;{}&#8221;][et_pb_video src=&#8221;https:\/\/www.youtube.com\/watch?v=iAVRxOLe0PE&#8221; image_src=&#8221;\/\/i.ytimg.com\/vi\/iAVRxOLe0PE\/hqdefault.jpg&#8221; _builder_version=&#8221;4.16&#8243; _module_preset=&#8221;default&#8221; global_colors_info=&#8221;{}&#8221;][\/et_pb_video][\/et_pb_column][\/et_pb_row][et_pb_row column_structure=&#8221;1_2,1_2&#8243; _builder_version=&#8221;4.16&#8243; _module_preset=&#8221;default&#8221; custom_padding=&#8221;0px|||||&#8221; global_colors_info=&#8221;{}&#8221;][et_pb_column type=&#8221;1_2&#8243; _builder_version=&#8221;4.16&#8243; _module_preset=&#8221;default&#8221; global_colors_info=&#8221;{}&#8221;][et_pb_text _builder_version=&#8221;4.16&#8243; _module_preset=&#8221;default&#8221; text_orientation=&#8221;justified&#8221; text_orientation_tablet=&#8221;justified&#8221; text_orientation_phone=&#8221;left&#8221; text_orientation_last_edited=&#8221;on|desktop&#8221; global_colors_info=&#8221;{}&#8221;]En l&#8217;elaboraci\u00f3 dels nostres productes hem tingut especial cura i inter\u00e8s a usar sols productes que compleixin amb les m\u00e9s estrictes normes actuals de seguretat, tant per a les persones com per al medi ambient, usant sols productes emparats sota els certificats REACH* i Oeko*, d&#8217;aquesta manera podem garantir productes lliures de subst\u00e0ncies qu\u00edmiques prohibides per la legislaci\u00f3 vigent europea m\u00e9s estricta.<\/p>\n<p>*REACH: certificat de la Uni\u00f3 Europea, que garanteix que les subst\u00e0ncies qu\u00edmiques utilitzades en la fabricaci\u00f3 de les escumes de poliuret\u00e0, s\u00f3n inn\u00f2cues per a la salut del ciutad\u00e0 i que a m\u00e9s no danyen el medi ambient.<\/p>\n<p>*Oeko \u2013 Est\u00e0ndard 100: \u00c9s un certificat, potser el m\u00e9s exigit en el m\u00f3n sencer, que garanteix que els productes d&#8217;escuma de poliuret\u00e0, una vegada fabricats, han estat sotmesos a proves de laboratori i han demostrat que no suposen cap perill per a salut humana.[\/et_pb_text][\/et_pb_column][et_pb_column type=&#8221;1_2&#8243; _builder_version=&#8221;4.16&#8243; _module_preset=&#8221;default&#8221; global_colors_info=&#8221;{}&#8221;][et_pb_video src=&#8221;https:\/\/www.youtube.com\/watch?v=-RaDK1ZReQU&#8221; image_src=&#8221;\/\/i.ytimg.com\/vi\/-RaDK1ZReQU\/hqdefault.jpg&#8221; _builder_version=&#8221;4.16&#8243; _module_preset=&#8221;default&#8221; global_colors_info=&#8221;{}&#8221;][\/et_pb_video][\/et_pb_column][\/et_pb_row][et_pb_row _builder_version=&#8221;4.16&#8243; _module_preset=&#8221;default&#8221; custom_padding=&#8221;9px||9px||true|&#8221; global_colors_info=&#8221;{}&#8221;][et_pb_column type=&#8221;4_4&#8243; _builder_version=&#8221;4.16&#8243; _module_preset=&#8221;default&#8221; global_colors_info=&#8221;{}&#8221;][et_pb_button button_url=&#8221;\/wp-content\/uploads\/2021\/11\/catalogo_obiform.pdf&#8221; url_new_window=&#8221;on&#8221; button_text=&#8221;Cat\u00e0leg de productes&#8221; button_alignment=&#8221;center&#8221; _builder_version=&#8221;4.16&#8243; _module_preset=&#8221;default&#8221; custom_button=&#8221;on&#8221; button_text_size=&#8221;15px&#8221; button_use_icon=&#8221;off&#8221; global_colors_info=&#8221;{}&#8221;][\/et_pb_button][\/et_pb_column][\/et_pb_row][\/et_pb_section][et_pb_section fb_built=&#8221;1&#8243; _builder_version=&#8221;4.16&#8243; _module_preset=&#8221;default&#8221; custom_padding=&#8221;0px||0px||true|&#8221; global_colors_info=&#8221;{}&#8221;][et_pb_row _builder_version=&#8221;4.16&#8243; _module_preset=&#8221;default&#8221; width=&#8221;100%&#8221; max_width=&#8221;100%&#8221; custom_padding=&#8221;0px||0px||true|&#8221; global_colors_info=&#8221;{}&#8221;][et_pb_column type=&#8221;4_4&#8243; _builder_version=&#8221;4.16&#8243; _module_preset=&#8221;default&#8221; global_colors_info=&#8221;{}&#8221;][revslider_divi revslider_divi=&#8221;%91rev_slider alias=%22classic-carousel1%22 slidertitle=%22Classic Carousel1%22%93%91\/rev_slider%93&#8243; _builder_version=&#8221;4.14.1&#8243; _module_preset=&#8221;default&#8221; global_colors_info=&#8221;{}&#8221;][\/revslider_divi][\/et_pb_column][\/et_pb_row][\/et_pb_section][et_pb_section fb_built=&#8221;1&#8243; _builder_version=&#8221;4.16&#8243; _module_preset=&#8221;default&#8221; custom_padding=&#8221;48px||48px||true|&#8221; global_colors_info=&#8221;{}&#8221;][et_pb_row _builder_version=&#8221;4.16&#8243; _module_preset=&#8221;default&#8221; custom_padding=&#8221;18px||14px|||&#8221; global_colors_info=&#8221;{}&#8221;][et_pb_column type=&#8221;4_4&#8243; _builder_version=&#8221;4.16&#8243; _module_preset=&#8221;default&#8221; global_colors_info=&#8221;{}&#8221;][et_pb_text _builder_version=&#8221;4.16&#8243; _module_preset=&#8221;default&#8221; header_font=&#8221;||on||||||&#8221; header_text_align=&#8221;center&#8221; global_colors_info=&#8221;{}&#8221;]<\/p>\n<h1>Fabricant de matalassos<\/h1>\n<p>[\/et_pb_text][\/et_pb_column][\/et_pb_row][et_pb_row column_structure=&#8221;1_2,1_2&#8243; _builder_version=&#8221;4.16&#8243; _module_preset=&#8221;default&#8221; max_width=&#8221;960px&#8221; global_colors_info=&#8221;{}&#8221;][et_pb_column type=&#8221;1_2&#8243; _builder_version=&#8221;4.16&#8243; _module_preset=&#8221;default&#8221; global_colors_info=&#8221;{}&#8221;][et_pb_image src=&#8221;https:\/\/obiform.com\/wp-content\/uploads\/2021\/11\/gymobi2019top.png&#8221; alt=&#8221;gymobi2019top&#8221; title_text=&#8221;gymobi2019top&#8221; url=&#8221;https:\/\/www.gymobi.com\/&#8221; url_new_window=&#8221;on&#8221; align=&#8221;center&#8221; _builder_version=&#8221;4.18.0&#8243; _module_preset=&#8221;default&#8221; max_width=&#8221;200px&#8221; global_colors_info=&#8221;{}&#8221;][\/et_pb_image][\/et_pb_column][et_pb_column type=&#8221;1_2&#8243; _builder_version=&#8221;4.16&#8243; _module_preset=&#8221;default&#8221; global_colors_info=&#8221;{}&#8221;][et_pb_image src=&#8221;https:\/\/obiform.com\/wp-content\/uploads\/2021\/11\/logo-vesalia.jpg&#8221; alt=&#8221;logo-vesalia&#8221; title_text=&#8221;logo-vesalia&#8221; url=&#8221;https:\/\/vesalia.info\/&#8221; url_new_window=&#8221;on&#8221; _builder_version=&#8221;4.18.0&#8243; _module_preset=&#8221;default&#8221; global_colors_info=&#8221;{}&#8221;][\/et_pb_image][\/et_pb_column][\/et_pb_row][\/et_pb_section]<\/p>\n","protected":false},"excerpt":{"rendered":"<p>Empresa Disposem de m\u00e9s de 4.000 m\u00b2 operatius de f\u00e0brica, la qual cosa ens permet atendre a totes les exig\u00e8ncies d&#8217;un mercat en cont\u00ednua evoluci\u00f3, \u00e9s per aix\u00f2 i per entendre que els nostres clients s\u00f3n la nostra ra\u00f3 de ser, que evolucionem t\u00e8cnica i professionalment, per aix\u00f2 ens anem dotant dels mitjans t\u00e8cnics i [&hellip;]<\/p>\n","protected":false},"author":2,"featured_media":0,"parent":0,"menu_order":0,"comment_status":"closed","ping_status":"closed","template":"","meta":{"_et_pb_use_builder":"on","_et_pb_old_content":"","_et_gb_content_width":"","_joinchat":[],"footnotes":""},"class_list":["post-243352","page","type-page","status-publish","hentry"],"yoast_head":"<!-- This site is optimized with the Yoast SEO plugin v24.3 - https:\/\/yoast.com\/wordpress\/plugins\/seo\/ -->\n<title>\u25b7 Empresa l\u00edder en materials d&#039;absorci\u00f3 ac\u00fastica i poliuretans<\/title>\n<meta name=\"description\" content=\"Informaci\u00f3 sobre l&#039;empresa Obiform.\" \/>\n<meta name=\"robots\" content=\"index, follow, max-snippet:-1, max-image-preview:large, max-video-preview:-1\" \/>\n<link rel=\"canonical\" href=\"https:\/\/www.obiform.com\/ca\/empresa\" \/>\n<meta property=\"og:locale\" content=\"ca_ES\" \/>\n<meta property=\"og:type\" content=\"article\" \/>\n<meta property=\"og:title\" content=\"\u25b7 Empresa l\u00edder en materials d&#039;absorci\u00f3 ac\u00fastica i poliuretans\" \/>\n<meta property=\"og:description\" content=\"Informaci\u00f3 sobre l&#039;empresa Obiform.\" \/>\n<meta property=\"og:url\" content=\"https:\/\/www.obiform.com\/ca\/empresa\" \/>\n<meta property=\"og:site_name\" content=\"Obiform\" \/>\n<meta property=\"article:modified_time\" content=\"2025-11-12T11:01:28+00:00\" \/>\n<meta name=\"twitter:card\" content=\"summary_large_image\" \/>\n<meta name=\"twitter:label1\" content=\"Temps estimat de lectura\" \/>\n\t<meta name=\"twitter:data1\" content=\"4 minuts\" \/>\n<script type=\"application\/ld+json\" class=\"yoast-schema-graph\">{\"@context\":\"https:\/\/schema.org\",\"@graph\":[{\"@type\":\"WebPage\",\"@id\":\"https:\/\/www.obiform.com\/ca\/empresa\",\"url\":\"https:\/\/www.obiform.com\/ca\/empresa\",\"name\":\"\u25b7 Empresa l\u00edder en materials d'absorci\u00f3 ac\u00fastica i poliuretans\",\"isPartOf\":{\"@id\":\"https:\/\/www.obiform.com\/#website\"},\"datePublished\":\"2021-11-26T09:03:41+00:00\",\"dateModified\":\"2025-11-12T11:01:28+00:00\",\"description\":\"Informaci\u00f3 sobre l'empresa Obiform.\",\"inLanguage\":\"ca\",\"potentialAction\":[{\"@type\":\"ReadAction\",\"target\":[\"https:\/\/www.obiform.com\/ca\/empresa\"]}]},{\"@type\":\"WebSite\",\"@id\":\"https:\/\/www.obiform.com\/#website\",\"url\":\"https:\/\/www.obiform.com\/\",\"name\":\"Obiform\",\"description\":\"\",\"potentialAction\":[{\"@type\":\"SearchAction\",\"target\":{\"@type\":\"EntryPoint\",\"urlTemplate\":\"https:\/\/www.obiform.com\/?s={search_term_string}\"},\"query-input\":{\"@type\":\"PropertyValueSpecification\",\"valueRequired\":true,\"valueName\":\"search_term_string\"}}],\"inLanguage\":\"ca\"}]}<\/script>\n<!-- \/ Yoast SEO plugin. -->","yoast_head_json":{"title":"\u25b7 Empresa l\u00edder en materials d'absorci\u00f3 ac\u00fastica i poliuretans","description":"Informaci\u00f3 sobre l'empresa Obiform.","robots":{"index":"index","follow":"follow","max-snippet":"max-snippet:-1","max-image-preview":"max-image-preview:large","max-video-preview":"max-video-preview:-1"},"canonical":"https:\/\/www.obiform.com\/ca\/empresa","og_locale":"ca_ES","og_type":"article","og_title":"\u25b7 Empresa l\u00edder en materials d'absorci\u00f3 ac\u00fastica i poliuretans","og_description":"Informaci\u00f3 sobre l'empresa Obiform.","og_url":"https:\/\/www.obiform.com\/ca\/empresa","og_site_name":"Obiform","article_modified_time":"2025-11-12T11:01:28+00:00","twitter_card":"summary_large_image","twitter_misc":{"Temps estimat de lectura":"4 minuts"},"schema":{"@context":"https:\/\/schema.org","@graph":[{"@type":"WebPage","@id":"https:\/\/www.obiform.com\/ca\/empresa","url":"https:\/\/www.obiform.com\/ca\/empresa","name":"\u25b7 Empresa l\u00edder en materials d'absorci\u00f3 ac\u00fastica i poliuretans","isPartOf":{"@id":"https:\/\/www.obiform.com\/#website"},"datePublished":"2021-11-26T09:03:41+00:00","dateModified":"2025-11-12T11:01:28+00:00","description":"Informaci\u00f3 sobre l'empresa Obiform.","inLanguage":"ca","potentialAction":[{"@type":"ReadAction","target":["https:\/\/www.obiform.com\/ca\/empresa"]}]},{"@type":"WebSite","@id":"https:\/\/www.obiform.com\/#website","url":"https:\/\/www.obiform.com\/","name":"Obiform","description":"","potentialAction":[{"@type":"SearchAction","target":{"@type":"EntryPoint","urlTemplate":"https:\/\/www.obiform.com\/?s={search_term_string}"},"query-input":{"@type":"PropertyValueSpecification","valueRequired":true,"valueName":"search_term_string"}}],"inLanguage":"ca"}]}},"_links":{"self":[{"href":"https:\/\/www.obiform.com\/ca\/wp-json\/wp\/v2\/pages\/243352","targetHints":{"allow":["GET"]}}],"collection":[{"href":"https:\/\/www.obiform.com\/ca\/wp-json\/wp\/v2\/pages"}],"about":[{"href":"https:\/\/www.obiform.com\/ca\/wp-json\/wp\/v2\/types\/page"}],"author":[{"embeddable":true,"href":"https:\/\/www.obiform.com\/ca\/wp-json\/wp\/v2\/users\/2"}],"replies":[{"embeddable":true,"href":"https:\/\/www.obiform.com\/ca\/wp-json\/wp\/v2\/comments?post=243352"}],"version-history":[{"count":10,"href":"https:\/\/www.obiform.com\/ca\/wp-json\/wp\/v2\/pages\/243352\/revisions"}],"predecessor-version":[{"id":245815,"href":"https:\/\/www.obiform.com\/ca\/wp-json\/wp\/v2\/pages\/243352\/revisions\/245815"}],"wp:attachment":[{"href":"https:\/\/www.obiform.com\/ca\/wp-json\/wp\/v2\/media?parent=243352"}],"curies":[{"name":"wp","href":"https:\/\/api.w.org\/{rel}","templated":true}]}}