{"id":243315,"date":"2021-11-30T15:23:38","date_gmt":"2021-11-30T15:23:38","guid":{"rendered":"https:\/\/www.obiform.com\/espumas-troqueladas"},"modified":"2024-10-01T10:38:57","modified_gmt":"2024-10-01T10:38:57","slug":"escumes-troquelades","status":"publish","type":"page","link":"https:\/\/www.obiform.com\/ca\/escumes-troquelades","title":{"rendered":"Escumes troquelades"},"content":{"rendered":"<p>[et_pb_section fb_built=&#8221;1&#8243; _builder_version=&#8221;4.16&#8243; _module_preset=&#8221;default&#8221; background_enable_color=&#8221;off&#8221; use_background_color_gradient=&#8221;on&#8221; background_color_gradient_stops=&#8221;#e8e8ff 50%|rgba(255,255,255,0) 100%&#8221; background_color_gradient_start=&#8221;#e8e8ff&#8221; background_color_gradient_start_position=&#8221;50%&#8221; background_color_gradient_end=&#8221;rgba(255,255,255,0)&#8221; custom_padding=&#8221;15px||15px||true|&#8221; global_colors_info=&#8221;{}&#8221;][et_pb_row _builder_version=&#8221;4.16&#8243; _module_preset=&#8221;default&#8221; custom_padding=&#8221;26px||26px||true|&#8221; global_colors_info=&#8221;{}&#8221;][et_pb_column type=&#8221;4_4&#8243; _builder_version=&#8221;4.16&#8243; _module_preset=&#8221;default&#8221; global_colors_info=&#8221;{}&#8221;][et_pb_text _builder_version=&#8221;4.18.0&#8243; _module_preset=&#8221;default&#8221; header_text_align=&#8221;center&#8221; header_font_size=&#8221;36px&#8221; header_line_height=&#8221;40px&#8221; header_3_font=&#8221;||on||||||&#8221; header_3_text_align=&#8221;center&#8221; header_3_text_color=&#8221;#0C71C3&#8243; header_3_font_size=&#8221;18px&#8221; custom_margin=&#8221;||7px|||&#8221; hover_enabled=&#8221;0&#8243; global_colors_info=&#8221;{}&#8221; sticky_enabled=&#8221;0&#8243;]<\/p>\n<h1>Espumes Troquelades a Mesura per a la M\u00e0xima Protecci\u00f3<\/h1>\n<p>[\/et_pb_text][et_pb_button button_url=&#8221;#contactaahora&#8221; button_text=&#8221;Contacta ara&#8221; button_alignment=&#8221;center&#8221; disabled_on=&#8221;off|off|on&#8221; _builder_version=&#8221;4.16&#8243; _module_preset=&#8221;default&#8221; custom_button=&#8221;on&#8221; button_text_size=&#8221;15px&#8221; button_use_icon=&#8221;off&#8221; global_colors_info=&#8221;{}&#8221;][\/et_pb_button][\/et_pb_column][\/et_pb_row][\/et_pb_section][et_pb_section fb_built=&#8221;1&#8243; specialty=&#8221;on&#8221; _builder_version=&#8221;4.16&#8243; _module_preset=&#8221;default&#8221; custom_padding=&#8221;17px||37px|||&#8221; global_colors_info=&#8221;{}&#8221;][et_pb_column type=&#8221;1_2&#8243; specialty_columns=&#8221;2&#8243; _builder_version=&#8221;4.16&#8243; custom_padding=&#8221;|||&#8221; global_colors_info=&#8221;{}&#8221; custom_padding__hover=&#8221;|||&#8221;][et_pb_row_inner use_custom_gutter=&#8221;on&#8221; gutter_width=&#8221;2&#8243; custom_padding_last_edited=&#8221;on|phone&#8221; _builder_version=&#8221;4.16&#8243; _module_preset=&#8221;default&#8221; custom_padding=&#8221;34px||35px||false|false&#8221; custom_padding_tablet=&#8221;34px||35px||false|false&#8221; custom_padding_phone=&#8221;0px||35px||false|false&#8221; global_colors_info=&#8221;{}&#8221;][et_pb_column_inner saved_specialty_column_type=&#8221;1_2&#8243; _builder_version=&#8221;4.16&#8243; _module_preset=&#8221;default&#8221; global_colors_info=&#8221;{}&#8221;][et_pb_text _builder_version=&#8221;4.18.0&#8243; _module_preset=&#8221;default&#8221; text_orientation=&#8221;justified&#8221; hover_enabled=&#8221;0&#8243; text_orientation_tablet=&#8221;justified&#8221; text_orientation_phone=&#8221;left&#8221; text_orientation_last_edited=&#8221;on|desktop&#8221; global_colors_info=&#8221;{}&#8221; sticky_enabled=&#8221;0&#8243;]<\/p>\n<p>En <strong>OBIFORM<\/strong>, no nom\u00e9s fabriquem un tipus d&#8217;<strong>espuma encunyada<\/strong>, sin\u00f3 que oferim una \u00e0mplia varietat d&#8217;opcions per assegurar que els nostres productes s&#8217;adaptin perfectament a les seves necessitats, garantint sempre un servei d&#8217;alta qualitat.<\/p>\n<p>[\/et_pb_text][\/et_pb_column_inner][\/et_pb_row_inner][et_pb_row_inner column_structure=&#8221;1_3,1_3,1_3&#8243; use_custom_gutter=&#8221;on&#8221; gutter_width=&#8221;1&#8243; _builder_version=&#8221;4.16&#8243; _module_preset=&#8221;default&#8221; max_width=&#8221;1080px&#8221; custom_padding=&#8221;0px||0px|||&#8221; box_shadow_style=&#8221;preset3&#8243; global_colors_info=&#8221;{}&#8221;][et_pb_column_inner type=&#8221;1_3&#8243; saved_specialty_column_type=&#8221;1_2&#8243; _builder_version=&#8221;4.16&#8243; _module_preset=&#8221;default&#8221; global_colors_info=&#8221;{}&#8221;][et_pb_image src=&#8221;https:\/\/obiform.com\/wp-content\/uploads\/2021\/11\/timthumb.jpg&#8221; title_text=&#8221;Espumes Troquelades&#8221; show_in_lightbox=&#8221;on&#8221; align=&#8221;center&#8221; _builder_version=&#8221;4.18.0&#8243; _module_preset=&#8221;default&#8221; hover_enabled=&#8221;0&#8243; global_colors_info=&#8221;{}&#8221; alt=&#8221;Espumes Troquelades&#8221; sticky_enabled=&#8221;0&#8243;][\/et_pb_image][\/et_pb_column_inner][et_pb_column_inner type=&#8221;1_3&#8243; saved_specialty_column_type=&#8221;1_2&#8243; _builder_version=&#8221;4.16&#8243; _module_preset=&#8221;default&#8221; global_colors_info=&#8221;{}&#8221;][et_pb_image src=&#8221;https:\/\/obiform.com\/wp-content\/uploads\/2021\/11\/timthumb-1.jpg&#8221; title_text=&#8221;Escuma encunyada&#8221; show_in_lightbox=&#8221;on&#8221; align=&#8221;center&#8221; _builder_version=&#8221;4.18.0&#8243; _module_preset=&#8221;default&#8221; hover_enabled=&#8221;0&#8243; global_colors_info=&#8221;{}&#8221; alt=&#8221;Escuma encunyada&#8221; sticky_enabled=&#8221;0&#8243;][\/et_pb_image][\/et_pb_column_inner][et_pb_column_inner type=&#8221;1_3&#8243; saved_specialty_column_type=&#8221;1_2&#8243; _builder_version=&#8221;4.16&#8243; _module_preset=&#8221;default&#8221; global_colors_info=&#8221;{}&#8221;][et_pb_image src=&#8221;https:\/\/obiform.com\/wp-content\/uploads\/2021\/11\/timthumb-2.jpg&#8221; title_text=&#8221;Escuma troquelada&#8221; show_in_lightbox=&#8221;on&#8221; align=&#8221;center&#8221; _builder_version=&#8221;4.18.0&#8243; _module_preset=&#8221;default&#8221; hover_enabled=&#8221;0&#8243; global_colors_info=&#8221;{}&#8221; alt=&#8221;Escuma troquelada&#8221; sticky_enabled=&#8221;0&#8243;][\/et_pb_image][\/et_pb_column_inner][\/et_pb_row_inner][et_pb_row_inner use_custom_gutter=&#8221;on&#8221; gutter_width=&#8221;2&#8243; _builder_version=&#8221;4.16&#8243; _module_preset=&#8221;default&#8221; custom_padding=&#8221;0px||35px||false|false&#8221; global_colors_info=&#8221;{}&#8221;][et_pb_column_inner saved_specialty_column_type=&#8221;1_2&#8243; _builder_version=&#8221;4.16&#8243; _module_preset=&#8221;default&#8221; global_colors_info=&#8221;{}&#8221;][et_pb_text _builder_version=&#8221;4.18.0&#8243; _module_preset=&#8221;default&#8221; text_orientation=&#8221;justified&#8221; custom_margin=&#8221;30px||||false|false&#8221; hover_enabled=&#8221;0&#8243; text_orientation_tablet=&#8221;justified&#8221; text_orientation_phone=&#8221;left&#8221; text_orientation_last_edited=&#8221;on|desktop&#8221; global_colors_info=&#8221;{}&#8221; sticky_enabled=&#8221;0&#8243;]<\/p>\n<h2>Protecci\u00f3 Efica\u00e7 per a Log\u00edstica i Almacenament<\/h2>\n<p>Els processos de log\u00edstica i d&#8217;almacenament solen enfrontar-se a un gran repte: la protecci\u00f3 dels materials, eines i altres elements durant el transport. Els moviments dels camions i caixes poden causar danys significatius a aquests productes. Per evitar aquestes incid\u00e8ncies, \u00e9s fonamental comptar amb una soluci\u00f3 d&#8217;embalatge adequada.<\/p>\n<p>Les nostres <strong>espumes encunyades<\/strong> estan dissenyades per oferir una protecci\u00f3 superior, minimitzant el risc de cops o moviments bruscos que puguin danyar els productes. Gr\u00e0cies al seu disseny personalitzat, permeten emmagatzemar els articles de manera segura, assegurant la seva integritat durant el transport o l&#8217;emmagatzematge prolongat.<\/p>\n<h2>Caracter\u00edstiques de les Nosses Espumes Encunyades<\/h2>\n<p>Les <strong>espumes d&#8217;embalatge t\u00e8cnic<\/strong> que produ\u00efm no nom\u00e9s ofereixen una protecci\u00f3 excepcional, sin\u00f3 que tamb\u00e9 presenten altres avantatges, com ara:<\/p>\n<ul>\n<li><strong>Resist\u00e8ncia a l&#8217;aigua i a la humitat:<\/strong> Protegeixen els productes en entorns humits o sota condicions ambientals exigents.<\/li>\n<li><strong>Gran a\u00efllament t\u00e8rmic:<\/strong> Mantenen els productes segurs davant variacions de temperatura.<\/li>\n<li><strong>Adaptaci\u00f3 a qualsevol forma o mida:<\/strong> Les espumes s\u00f3n fabricades a mida, ajustant-se a la delicadesa del producte i a les condicions de transport.<\/li>\n<\/ul>\n<h3>Aplicacions en Diversos Sectores<\/h3>\n<p>Les espumes encunyades d&#8217;OBIFORM s\u00f3n \u00e0mpliament utilitzades en diversos sectors, com ara:<\/p>\n<ul>\n<li>Log\u00edstica i emmagatzematge<\/li>\n<li>Telecomunicacions<\/li>\n<li>Electr\u00f2nica<\/li>\n<li>Automoci\u00f3<\/li>\n<\/ul>\n<p>Cada sector requereix una soluci\u00f3 personalitzada, i les nostres <strong>espumes encunyades a mida<\/strong> s&#8217;adapten a qualsevol tipus d&#8217;article, oferint la m\u00e0xima protecci\u00f3.<\/p>\n<h2>Disseny Personalitzat per a una Protecci\u00f3 \u00d2ptima<\/h2>\n<p>En OBIFORM, dissenyem i produ\u00efm <strong>espumes a mida<\/strong> que s&#8217;adapten a les caracter\u00edstiques espec\u00edfiques dels seus productes, tant en forma, mida com profunditat. Ja sigui per a un emmagatzematge prolongat o un transport delicat, les nostres espumes estan dissenyades per oferir-li la millor protecci\u00f3 possible.<\/p>\n<p>Confii en les nostres <strong>espumes encunyades<\/strong> per mantenir els seus productes segurs en tot moment. <a href=\"\/ca\/contacte\">Contacti&#8217;ns<\/a> i l&#8217;ajudarem a trobar la soluci\u00f3 ideal per a les seves necessitats d&#8217;embalatge.<\/p>\n<p>[\/et_pb_text][\/et_pb_column_inner][\/et_pb_row_inner][\/et_pb_column][et_pb_column type=&#8221;1_2&#8243; _builder_version=&#8221;4.16&#8243; custom_padding=&#8221;|||&#8221; global_colors_info=&#8221;{}&#8221; custom_padding__hover=&#8221;|||&#8221;][et_pb_text _builder_version=&#8221;4.16&#8243; _module_preset=&#8221;default&#8221; text_font_size=&#8221;27px&#8221; text_orientation=&#8221;center&#8221; global_colors_info=&#8221;{}&#8221;]<\/p>\n<p>Solicita m\u00e9s informaci\u00f3<\/p>\n<p>[\/et_pb_text][et_pb_contact_form captcha=&#8221;off&#8221; email=&#8221;info@obiform.com, nuria@obiform.com&#8221; success_message=&#8221;Gracias por tu mensaje, lo revisaremos y nos pondremos en contacto contigo lo antes posible.&#8221; submit_button_text=&#8221;Enviar&#8221; module_id=&#8221;contactaahora&#8221; _builder_version=&#8221;4.18.0&#8243; form_field_background_color=&#8221;rgba(0,0,0,0)&#8221; title_text_align=&#8221;center&#8221; form_field_font=&#8221;||||||||&#8221; button_icon=&#8221;&#x24;||divi||400&#8243; button_on_hover=&#8221;off&#8221; border_width_all=&#8221;1px&#8221; border_color_all=&#8221;rgba(51,51,51,0.17)&#8221; form_background_color=&#8221;rgba(0,0,0,0)&#8221; global_module=&#8221;243579&#8243; saved_tabs=&#8221;all&#8221; global_colors_info=&#8221;{}&#8221;][et_pb_contact_field field_id=&#8221;Nom&#8221; field_title=&#8221;Nom*&#8221; fullwidth_field=&#8221;on&#8221; _builder_version=&#8221;4.16&#8243; custom_margin=&#8221;||15px||false|false&#8221; global_colors_info=&#8221;{}&#8221; button_text_size__hover_enabled=&#8221;off&#8221; button_one_text_size__hover_enabled=&#8221;off&#8221; button_two_text_size__hover_enabled=&#8221;off&#8221; button_text_color__hover_enabled=&#8221;off&#8221; button_one_text_color__hover_enabled=&#8221;off&#8221; button_two_text_color__hover_enabled=&#8221;off&#8221; button_border_width__hover_enabled=&#8221;off&#8221; button_one_border_width__hover_enabled=&#8221;off&#8221; button_two_border_width__hover_enabled=&#8221;off&#8221; button_border_color__hover_enabled=&#8221;off&#8221; button_one_border_color__hover_enabled=&#8221;off&#8221; button_two_border_color__hover_enabled=&#8221;off&#8221; button_border_radius__hover_enabled=&#8221;off&#8221; button_one_border_radius__hover_enabled=&#8221;off&#8221; button_two_border_radius__hover_enabled=&#8221;off&#8221; button_letter_spacing__hover_enabled=&#8221;off&#8221; button_one_letter_spacing__hover_enabled=&#8221;off&#8221; button_two_letter_spacing__hover_enabled=&#8221;off&#8221; button_bg_color__hover_enabled=&#8221;off&#8221; button_one_bg_color__hover_enabled=&#8221;off&#8221; button_two_bg_color__hover_enabled=&#8221;off&#8221;][\/et_pb_contact_field][et_pb_contact_field field_id=&#8221;T\u00e8l&#8221; field_title=&#8221;Tel\u00e8fon*&#8221; _builder_version=&#8221;4.16&#8243; custom_margin=&#8221;||15px||false|false&#8221; global_colors_info=&#8221;{}&#8221; button_text_size__hover_enabled=&#8221;off&#8221; button_one_text_size__hover_enabled=&#8221;off&#8221; button_two_text_size__hover_enabled=&#8221;off&#8221; button_text_color__hover_enabled=&#8221;off&#8221; button_one_text_color__hover_enabled=&#8221;off&#8221; button_two_text_color__hover_enabled=&#8221;off&#8221; button_border_width__hover_enabled=&#8221;off&#8221; button_one_border_width__hover_enabled=&#8221;off&#8221; button_two_border_width__hover_enabled=&#8221;off&#8221; button_border_color__hover_enabled=&#8221;off&#8221; button_one_border_color__hover_enabled=&#8221;off&#8221; button_two_border_color__hover_enabled=&#8221;off&#8221; button_border_radius__hover_enabled=&#8221;off&#8221; button_one_border_radius__hover_enabled=&#8221;off&#8221; button_two_border_radius__hover_enabled=&#8221;off&#8221; button_letter_spacing__hover_enabled=&#8221;off&#8221; button_one_letter_spacing__hover_enabled=&#8221;off&#8221; button_two_letter_spacing__hover_enabled=&#8221;off&#8221; button_bg_color__hover_enabled=&#8221;off&#8221; button_one_bg_color__hover_enabled=&#8221;off&#8221; button_two_bg_color__hover_enabled=&#8221;off&#8221;][\/et_pb_contact_field][et_pb_contact_field field_id=&#8221;Email&#8221; field_title=&#8221;Email *&#8221; field_type=&#8221;email&#8221; _builder_version=&#8221;4.16&#8243; custom_margin=&#8221;||15px||false|false&#8221; global_colors_info=&#8221;{}&#8221; button_text_size__hover_enabled=&#8221;off&#8221; button_one_text_size__hover_enabled=&#8221;off&#8221; button_two_text_size__hover_enabled=&#8221;off&#8221; button_text_color__hover_enabled=&#8221;off&#8221; button_one_text_color__hover_enabled=&#8221;off&#8221; button_two_text_color__hover_enabled=&#8221;off&#8221; button_border_width__hover_enabled=&#8221;off&#8221; button_one_border_width__hover_enabled=&#8221;off&#8221; button_two_border_width__hover_enabled=&#8221;off&#8221; button_border_color__hover_enabled=&#8221;off&#8221; button_one_border_color__hover_enabled=&#8221;off&#8221; button_two_border_color__hover_enabled=&#8221;off&#8221; button_border_radius__hover_enabled=&#8221;off&#8221; button_one_border_radius__hover_enabled=&#8221;off&#8221; button_two_border_radius__hover_enabled=&#8221;off&#8221; button_letter_spacing__hover_enabled=&#8221;off&#8221; button_one_letter_spacing__hover_enabled=&#8221;off&#8221; button_two_letter_spacing__hover_enabled=&#8221;off&#8221; button_bg_color__hover_enabled=&#8221;off&#8221; button_one_bg_color__hover_enabled=&#8221;off&#8221; button_two_bg_color__hover_enabled=&#8221;off&#8221;][\/et_pb_contact_field][et_pb_contact_field field_id=&#8221;Direcci\u00f3&#8221; field_title=&#8221;Direcci\u00f3&#8221; required_mark=&#8221;off&#8221; _builder_version=&#8221;4.16&#8243; custom_margin=&#8221;||15px||false|false&#8221; global_colors_info=&#8221;{}&#8221; button_text_size__hover_enabled=&#8221;off&#8221; button_one_text_size__hover_enabled=&#8221;off&#8221; button_two_text_size__hover_enabled=&#8221;off&#8221; button_text_color__hover_enabled=&#8221;off&#8221; button_one_text_color__hover_enabled=&#8221;off&#8221; button_two_text_color__hover_enabled=&#8221;off&#8221; button_border_width__hover_enabled=&#8221;off&#8221; button_one_border_width__hover_enabled=&#8221;off&#8221; button_two_border_width__hover_enabled=&#8221;off&#8221; button_border_color__hover_enabled=&#8221;off&#8221; button_one_border_color__hover_enabled=&#8221;off&#8221; button_two_border_color__hover_enabled=&#8221;off&#8221; button_border_radius__hover_enabled=&#8221;off&#8221; button_one_border_radius__hover_enabled=&#8221;off&#8221; button_two_border_radius__hover_enabled=&#8221;off&#8221; button_letter_spacing__hover_enabled=&#8221;off&#8221; button_one_letter_spacing__hover_enabled=&#8221;off&#8221; button_two_letter_spacing__hover_enabled=&#8221;off&#8221; button_bg_color__hover_enabled=&#8221;off&#8221; button_one_bg_color__hover_enabled=&#8221;off&#8221; button_two_bg_color__hover_enabled=&#8221;off&#8221;][\/et_pb_contact_field][et_pb_contact_field field_id=&#8221;Ciutat&#8221; field_title=&#8221;Ciutat&#8221; required_mark=&#8221;off&#8221; _builder_version=&#8221;4.16&#8243; custom_margin=&#8221;||15px||false|false&#8221; global_colors_info=&#8221;{}&#8221; button_text_size__hover_enabled=&#8221;off&#8221; button_one_text_size__hover_enabled=&#8221;off&#8221; button_two_text_size__hover_enabled=&#8221;off&#8221; button_text_color__hover_enabled=&#8221;off&#8221; button_one_text_color__hover_enabled=&#8221;off&#8221; button_two_text_color__hover_enabled=&#8221;off&#8221; button_border_width__hover_enabled=&#8221;off&#8221; button_one_border_width__hover_enabled=&#8221;off&#8221; button_two_border_width__hover_enabled=&#8221;off&#8221; button_border_color__hover_enabled=&#8221;off&#8221; button_one_border_color__hover_enabled=&#8221;off&#8221; button_two_border_color__hover_enabled=&#8221;off&#8221; button_border_radius__hover_enabled=&#8221;off&#8221; button_one_border_radius__hover_enabled=&#8221;off&#8221; button_two_border_radius__hover_enabled=&#8221;off&#8221; button_letter_spacing__hover_enabled=&#8221;off&#8221; button_one_letter_spacing__hover_enabled=&#8221;off&#8221; button_two_letter_spacing__hover_enabled=&#8221;off&#8221; button_bg_color__hover_enabled=&#8221;off&#8221; button_one_bg_color__hover_enabled=&#8221;off&#8221; button_two_bg_color__hover_enabled=&#8221;off&#8221;][\/et_pb_contact_field][et_pb_contact_field field_id=&#8221;Missatge&#8221; field_title=&#8221;Missatge&#8221; field_type=&#8221;text&#8221; fullwidth_field=&#8221;on&#8221; _builder_version=&#8221;4.16&#8243; custom_margin=&#8221;||15px||false|false&#8221; global_colors_info=&#8221;{}&#8221; button_text_size__hover_enabled=&#8221;off&#8221; button_one_text_size__hover_enabled=&#8221;off&#8221; button_two_text_size__hover_enabled=&#8221;off&#8221; button_text_color__hover_enabled=&#8221;off&#8221; button_one_text_color__hover_enabled=&#8221;off&#8221; button_two_text_color__hover_enabled=&#8221;off&#8221; button_border_width__hover_enabled=&#8221;off&#8221; button_one_border_width__hover_enabled=&#8221;off&#8221; button_two_border_width__hover_enabled=&#8221;off&#8221; button_border_color__hover_enabled=&#8221;off&#8221; button_one_border_color__hover_enabled=&#8221;off&#8221; button_two_border_color__hover_enabled=&#8221;off&#8221; button_border_radius__hover_enabled=&#8221;off&#8221; button_one_border_radius__hover_enabled=&#8221;off&#8221; button_two_border_radius__hover_enabled=&#8221;off&#8221; button_letter_spacing__hover_enabled=&#8221;off&#8221; button_one_letter_spacing__hover_enabled=&#8221;off&#8221; button_two_letter_spacing__hover_enabled=&#8221;off&#8221; button_bg_color__hover_enabled=&#8221;off&#8221; button_one_bg_color__hover_enabled=&#8221;off&#8221; button_two_bg_color__hover_enabled=&#8221;off&#8221;][\/et_pb_contact_field][et_pb_contact_field field_id=&#8221;Privacitat&#8221; field_title=&#8221;Privacitat&#8221; field_type=&#8221;checkbox&#8221; checkbox_options=&#8221;%91{%22value%22:%22He llegit i accepto els termes i condicions i la Pol\u00edtica de Privacitat *%22,%22checked%22:0,%22dragID%22:-1,%22link_url%22:%22\/ca\/avis-legal%22,%22link_text%22:%22Av\u00eds Legal%22}%93&#8243; fullwidth_field=&#8221;on&#8221; _builder_version=&#8221;4.16&#8243; _module_preset=&#8221;default&#8221; form_field_font_size=&#8221;14px&#8221; custom_margin=&#8221;||5px||false|false&#8221; global_colors_info=&#8221;{}&#8221;][\/et_pb_contact_field][et_pb_contact_field field_id=&#8221;Comercial&#8221; field_title=&#8221;Correu comercial&#8221; field_type=&#8221;checkbox&#8221; checkbox_options=&#8221;%91{%22value%22:%22Accepto rebre informaci\u00f3 comercial per correu electr\u00f2nic.%22,%22checked%22:0,%22dragID%22:-1,%22link_url%22:%22%22,%22link_text%22:%22%22}%93&#8243; required_mark=&#8221;off&#8221; fullwidth_field=&#8221;on&#8221; _builder_version=&#8221;4.16&#8243; _module_preset=&#8221;default&#8221; form_field_font_size=&#8221;14px&#8221; custom_margin=&#8221;||5px||false|false&#8221; global_colors_info=&#8221;{}&#8221;][\/et_pb_contact_field][\/et_pb_contact_form][\/et_pb_column][\/et_pb_section]<\/p>\n","protected":false},"excerpt":{"rendered":"<p>Espumes Troquelades a Mesura per a la M\u00e0xima Protecci\u00f3En OBIFORM, no nom\u00e9s fabriquem un tipus d&#8217;espuma encunyada, sin\u00f3 que oferim una \u00e0mplia varietat d&#8217;opcions per assegurar que els nostres productes s&#8217;adaptin perfectament a les seves necessitats, garantint sempre un servei d&#8217;alta qualitat.Protecci\u00f3 Efica\u00e7 per a Log\u00edstica i Almacenament Els processos de log\u00edstica i d&#8217;almacenament solen [&hellip;]<\/p>\n","protected":false},"author":2,"featured_media":0,"parent":0,"menu_order":0,"comment_status":"closed","ping_status":"closed","template":"","meta":{"_et_pb_use_builder":"on","_et_pb_old_content":"","_et_gb_content_width":"","_joinchat":[],"footnotes":""},"class_list":["post-243315","page","type-page","status-publish","hentry"],"yoast_head":"<!-- This site is optimized with the Yoast SEO plugin v24.3 - https:\/\/yoast.com\/wordpress\/plugins\/seo\/ -->\n<title>\u25b7 Escumes troquelades - Varietat de tipologies - Obiform.com<\/title>\n<meta name=\"description\" content=\"Obiform fabrica escumes troquelades. Aquestes escumes contenen poliestir\u00e8 i polipropil\u00e8s de poliuret\u00e0. Contacta&#039;ns i demana pressupost!\" \/>\n<meta name=\"robots\" content=\"index, follow, max-snippet:-1, max-image-preview:large, max-video-preview:-1\" \/>\n<link rel=\"canonical\" href=\"https:\/\/www.obiform.com\/ca\/escumes-troquelades\" \/>\n<meta property=\"og:locale\" content=\"ca_ES\" \/>\n<meta property=\"og:type\" content=\"article\" \/>\n<meta property=\"og:title\" content=\"\u25b7 Escumes troquelades - Varietat de tipologies - Obiform.com\" \/>\n<meta property=\"og:description\" content=\"Obiform fabrica escumes troquelades. Aquestes escumes contenen poliestir\u00e8 i polipropil\u00e8s de poliuret\u00e0. Contacta&#039;ns i demana pressupost!\" \/>\n<meta property=\"og:url\" content=\"https:\/\/www.obiform.com\/ca\/escumes-troquelades\" \/>\n<meta property=\"og:site_name\" content=\"Obiform\" \/>\n<meta property=\"article:modified_time\" content=\"2024-10-01T10:38:57+00:00\" \/>\n<meta name=\"twitter:card\" content=\"summary_large_image\" \/>\n<meta name=\"twitter:label1\" content=\"Temps estimat de lectura\" \/>\n\t<meta name=\"twitter:data1\" content=\"3 minuts\" \/>\n<script type=\"application\/ld+json\" class=\"yoast-schema-graph\">{\"@context\":\"https:\/\/schema.org\",\"@graph\":[{\"@type\":\"WebPage\",\"@id\":\"https:\/\/www.obiform.com\/ca\/escumes-troquelades\",\"url\":\"https:\/\/www.obiform.com\/ca\/escumes-troquelades\",\"name\":\"\u25b7 Escumes troquelades - Varietat de tipologies - Obiform.com\",\"isPartOf\":{\"@id\":\"https:\/\/www.obiform.com\/#website\"},\"datePublished\":\"2021-11-30T15:23:38+00:00\",\"dateModified\":\"2024-10-01T10:38:57+00:00\",\"description\":\"Obiform fabrica escumes troquelades. Aquestes escumes contenen poliestir\u00e8 i polipropil\u00e8s de poliuret\u00e0. Contacta'ns i demana pressupost!\",\"inLanguage\":\"ca\",\"potentialAction\":[{\"@type\":\"ReadAction\",\"target\":[\"https:\/\/www.obiform.com\/ca\/escumes-troquelades\"]}]},{\"@type\":\"WebSite\",\"@id\":\"https:\/\/www.obiform.com\/#website\",\"url\":\"https:\/\/www.obiform.com\/\",\"name\":\"Obiform\",\"description\":\"\",\"potentialAction\":[{\"@type\":\"SearchAction\",\"target\":{\"@type\":\"EntryPoint\",\"urlTemplate\":\"https:\/\/www.obiform.com\/?s={search_term_string}\"},\"query-input\":{\"@type\":\"PropertyValueSpecification\",\"valueRequired\":true,\"valueName\":\"search_term_string\"}}],\"inLanguage\":\"ca\"}]}<\/script>\n<!-- \/ Yoast SEO plugin. -->","yoast_head_json":{"title":"\u25b7 Escumes troquelades - Varietat de tipologies - Obiform.com","description":"Obiform fabrica escumes troquelades. Aquestes escumes contenen poliestir\u00e8 i polipropil\u00e8s de poliuret\u00e0. Contacta'ns i demana pressupost!","robots":{"index":"index","follow":"follow","max-snippet":"max-snippet:-1","max-image-preview":"max-image-preview:large","max-video-preview":"max-video-preview:-1"},"canonical":"https:\/\/www.obiform.com\/ca\/escumes-troquelades","og_locale":"ca_ES","og_type":"article","og_title":"\u25b7 Escumes troquelades - Varietat de tipologies - Obiform.com","og_description":"Obiform fabrica escumes troquelades. Aquestes escumes contenen poliestir\u00e8 i polipropil\u00e8s de poliuret\u00e0. Contacta'ns i demana pressupost!","og_url":"https:\/\/www.obiform.com\/ca\/escumes-troquelades","og_site_name":"Obiform","article_modified_time":"2024-10-01T10:38:57+00:00","twitter_card":"summary_large_image","twitter_misc":{"Temps estimat de lectura":"3 minuts"},"schema":{"@context":"https:\/\/schema.org","@graph":[{"@type":"WebPage","@id":"https:\/\/www.obiform.com\/ca\/escumes-troquelades","url":"https:\/\/www.obiform.com\/ca\/escumes-troquelades","name":"\u25b7 Escumes troquelades - Varietat de tipologies - Obiform.com","isPartOf":{"@id":"https:\/\/www.obiform.com\/#website"},"datePublished":"2021-11-30T15:23:38+00:00","dateModified":"2024-10-01T10:38:57+00:00","description":"Obiform fabrica escumes troquelades. Aquestes escumes contenen poliestir\u00e8 i polipropil\u00e8s de poliuret\u00e0. Contacta'ns i demana pressupost!","inLanguage":"ca","potentialAction":[{"@type":"ReadAction","target":["https:\/\/www.obiform.com\/ca\/escumes-troquelades"]}]},{"@type":"WebSite","@id":"https:\/\/www.obiform.com\/#website","url":"https:\/\/www.obiform.com\/","name":"Obiform","description":"","potentialAction":[{"@type":"SearchAction","target":{"@type":"EntryPoint","urlTemplate":"https:\/\/www.obiform.com\/?s={search_term_string}"},"query-input":{"@type":"PropertyValueSpecification","valueRequired":true,"valueName":"search_term_string"}}],"inLanguage":"ca"}]}},"_links":{"self":[{"href":"https:\/\/www.obiform.com\/ca\/wp-json\/wp\/v2\/pages\/243315","targetHints":{"allow":["GET"]}}],"collection":[{"href":"https:\/\/www.obiform.com\/ca\/wp-json\/wp\/v2\/pages"}],"about":[{"href":"https:\/\/www.obiform.com\/ca\/wp-json\/wp\/v2\/types\/page"}],"author":[{"embeddable":true,"href":"https:\/\/www.obiform.com\/ca\/wp-json\/wp\/v2\/users\/2"}],"replies":[{"embeddable":true,"href":"https:\/\/www.obiform.com\/ca\/wp-json\/wp\/v2\/comments?post=243315"}],"version-history":[{"count":6,"href":"https:\/\/www.obiform.com\/ca\/wp-json\/wp\/v2\/pages\/243315\/revisions"}],"predecessor-version":[{"id":245100,"href":"https:\/\/www.obiform.com\/ca\/wp-json\/wp\/v2\/pages\/243315\/revisions\/245100"}],"wp:attachment":[{"href":"https:\/\/www.obiform.com\/ca\/wp-json\/wp\/v2\/media?parent=243315"}],"curies":[{"name":"wp","href":"https:\/\/api.w.org\/{rel}","templated":true}]}}