{"id":243304,"date":"2021-12-01T10:31:39","date_gmt":"2021-12-01T10:31:39","guid":{"rendered":"https:\/\/www.obiform.com\/camaras-anecoicas"},"modified":"2022-02-07T10:37:22","modified_gmt":"2022-02-07T10:37:22","slug":"cambres-anecoiques","status":"publish","type":"page","link":"https:\/\/www.obiform.com\/ca\/cambres-anecoiques","title":{"rendered":"Cambres anecoiques"},"content":{"rendered":"<p>[et_pb_section fb_built=&#8221;1&#8243; _builder_version=&#8221;4.14.1&#8243; _module_preset=&#8221;default&#8221; background_enable_color=&#8221;off&#8221; use_background_color_gradient=&#8221;on&#8221; background_color_gradient_start=&#8221;#e8e8ff&#8221; background_color_gradient_end=&#8221;rgba(255,255,255,0)&#8221; background_color_gradient_start_position=&#8221;50%&#8221; custom_padding=&#8221;15px||15px||true|&#8221; global_colors_info=&#8221;{}&#8221;][et_pb_row _builder_version=&#8221;4.14.1&#8243; _module_preset=&#8221;default&#8221; custom_padding=&#8221;26px||26px||true|&#8221; global_colors_info=&#8221;{}&#8221;][et_pb_column type=&#8221;4_4&#8243; _builder_version=&#8221;4.14.1&#8243; _module_preset=&#8221;default&#8221; global_colors_info=&#8221;{}&#8221;][et_pb_text _builder_version=&#8221;4.14.7&#8243; _module_preset=&#8221;default&#8221; header_text_align=&#8221;center&#8221; header_font_size=&#8221;36px&#8221; header_line_height=&#8221;40px&#8221; header_3_font=&#8221;||on||||||&#8221; header_3_text_align=&#8221;center&#8221; header_3_text_color=&#8221;#0C71C3&#8243; header_3_font_size=&#8221;18px&#8221; custom_margin=&#8221;||7px|||&#8221; global_colors_info=&#8221;{}&#8221;]<\/p>\n<h1>Cambres anecoiques<\/h1>\n<p>[\/et_pb_text][et_pb_button button_url=&#8221;#contactaahora&#8221; button_text=&#8221;Contacta ara&#8221; button_alignment=&#8221;center&#8221; disabled_on=&#8221;off|off|on&#8221; _builder_version=&#8221;4.14.7&#8243; _module_preset=&#8221;default&#8221; custom_button=&#8221;on&#8221; button_text_size=&#8221;15px&#8221; button_use_icon=&#8221;off&#8221; global_colors_info=&#8221;{}&#8221;][\/et_pb_button][\/et_pb_column][\/et_pb_row][\/et_pb_section][et_pb_section fb_built=&#8221;1&#8243; specialty=&#8221;on&#8221; _builder_version=&#8221;4.14.1&#8243; _module_preset=&#8221;default&#8221; custom_padding=&#8221;17px||37px|||&#8221; global_colors_info=&#8221;{}&#8221;][et_pb_column type=&#8221;1_2&#8243; specialty_columns=&#8221;2&#8243; _builder_version=&#8221;3.25&#8243; custom_padding=&#8221;|||&#8221; global_colors_info=&#8221;{}&#8221; custom_padding__hover=&#8221;|||&#8221;][et_pb_row_inner use_custom_gutter=&#8221;on&#8221; gutter_width=&#8221;2&#8243; custom_padding_last_edited=&#8221;on|phone&#8221; _builder_version=&#8221;4.14.1&#8243; _module_preset=&#8221;default&#8221; custom_padding=&#8221;34px||35px||false|false&#8221; custom_padding_tablet=&#8221;34px||35px||false|false&#8221; custom_padding_phone=&#8221;0px||35px||false|false&#8221; global_colors_info=&#8221;{}&#8221;][et_pb_column_inner saved_specialty_column_type=&#8221;1_2&#8243; _builder_version=&#8221;4.14.1&#8243; _module_preset=&#8221;default&#8221; global_colors_info=&#8221;{}&#8221;][et_pb_text _builder_version=&#8221;4.14.7&#8243; _module_preset=&#8221;default&#8221; text_orientation=&#8221;justified&#8221; hover_enabled=&#8221;0&#8243; text_orientation_tablet=&#8221;justified&#8221; text_orientation_phone=&#8221;left&#8221; text_orientation_last_edited=&#8221;on|desktop&#8221; global_colors_info=&#8221;{}&#8221; sticky_enabled=&#8221;0&#8243;]<\/p>\n<p>Una <strong>cambra anecoica<\/strong> \u00e9s una sala especialment dissenyada per a &#8220;estudiar&#8221; el so de qualsevol font o aparell, les peces que recobreixen tant les parets com el sostre com el s\u00f2l, han d&#8217;estar fabricades amb <strong>poliuretans molt especials<\/strong>, qualsevol tipus d&#8217;escuma, no seria v\u00e0lida, han de ser poliuretans amb un pas d&#8217;aire espec\u00edfic entre les seves c\u00e8l\u00b7lules, han de tenir una densitat adequada (ni molt baixa ni molt alta), una duresa adequada, etc. A OBIFORM, disposem d&#8217;aquest exclusiu tipus de material, que a m\u00e9s de ser autoextingible, tamb\u00e9 es poden fabricar, aquestes peces, amb BASOTECT<span>\u00ae<\/span> (veure apartat BASOTECT<span>\u00ae<\/span>).<\/p>\n<p>Normalment, les peces per a les cambres anecoiques, es fabriquen en forma piramidal, encara que es poden fer amb altres formes, les mesures les dictamina el client en funci\u00f3 dels resultats que es vulguin obtenir, ac\u00fasticament parlant.<\/p>\n<p>[\/et_pb_text][\/et_pb_column_inner][\/et_pb_row_inner][et_pb_row_inner column_structure=&#8221;1_3,1_3,1_3&#8243; use_custom_gutter=&#8221;on&#8221; gutter_width=&#8221;1&#8243; _builder_version=&#8221;4.14.1&#8243; _module_preset=&#8221;default&#8221; max_width=&#8221;1080px&#8221; custom_padding=&#8221;0px||0px|||&#8221; box_shadow_style=&#8221;preset3&#8243; global_colors_info=&#8221;{}&#8221;][et_pb_column_inner type=&#8221;1_3&#8243; saved_specialty_column_type=&#8221;1_2&#8243; _builder_version=&#8221;4.14.1&#8243; _module_preset=&#8221;default&#8221; global_colors_info=&#8221;{}&#8221;][et_pb_image src=&#8221;https:\/\/obiform.com\/wp-content\/uploads\/revslider\/camaras\/camaras-1.jpg&#8221; title_text=&#8221;camaras-1.jpg&#8221; show_in_lightbox=&#8221;on&#8221; align=&#8221;center&#8221; _builder_version=&#8221;4.14.1&#8243; _module_preset=&#8221;default&#8221; global_colors_info=&#8221;{}&#8221;][\/et_pb_image][\/et_pb_column_inner][et_pb_column_inner type=&#8221;1_3&#8243; saved_specialty_column_type=&#8221;1_2&#8243; _builder_version=&#8221;4.14.1&#8243; _module_preset=&#8221;default&#8221; global_colors_info=&#8221;{}&#8221;][et_pb_image src=&#8221;https:\/\/obiform.com\/wp-content\/uploads\/revslider\/camaras\/camaras-2.jpg&#8221; title_text=&#8221;camaras-2.jpg&#8221; show_in_lightbox=&#8221;on&#8221; align=&#8221;center&#8221; _builder_version=&#8221;4.14.1&#8243; _module_preset=&#8221;default&#8221; global_colors_info=&#8221;{}&#8221;][\/et_pb_image][\/et_pb_column_inner][et_pb_column_inner type=&#8221;1_3&#8243; saved_specialty_column_type=&#8221;1_2&#8243; _builder_version=&#8221;4.14.1&#8243; _module_preset=&#8221;default&#8221; global_colors_info=&#8221;{}&#8221;][et_pb_image src=&#8221;https:\/\/obiform.com\/wp-content\/uploads\/revslider\/camaras\/camaras-3.jpg&#8221; title_text=&#8221;camaras-3.jpg&#8221; show_in_lightbox=&#8221;on&#8221; align=&#8221;center&#8221; _builder_version=&#8221;4.14.1&#8243; _module_preset=&#8221;default&#8221; global_colors_info=&#8221;{}&#8221;][\/et_pb_image][\/et_pb_column_inner][\/et_pb_row_inner][et_pb_row_inner use_custom_gutter=&#8221;on&#8221; gutter_width=&#8221;2&#8243; _builder_version=&#8221;4.14.1&#8243; _module_preset=&#8221;default&#8221; custom_padding=&#8221;0px||35px||false|false&#8221; global_colors_info=&#8221;{}&#8221;][et_pb_column_inner saved_specialty_column_type=&#8221;1_2&#8243; _builder_version=&#8221;4.14.1&#8243; _module_preset=&#8221;default&#8221; global_colors_info=&#8221;{}&#8221;][et_pb_text _builder_version=&#8221;4.14.1&#8243; _module_preset=&#8221;default&#8221; text_orientation=&#8221;justified&#8221; text_orientation_tablet=&#8221;justified&#8221; text_orientation_phone=&#8221;left&#8221; text_orientation_last_edited=&#8221;on|desktop&#8221; global_colors_info=&#8221;{}&#8221;]&nbsp;<\/p>\n<p>&nbsp;<br \/>\n[\/et_pb_text][\/et_pb_column_inner][\/et_pb_row_inner][\/et_pb_column][et_pb_column type=&#8221;1_2&#8243; _builder_version=&#8221;3.25&#8243; custom_padding=&#8221;|||&#8221; global_colors_info=&#8221;{}&#8221; custom_padding__hover=&#8221;|||&#8221;][et_pb_text _builder_version=&#8221;4.14.7&#8243; _module_preset=&#8221;default&#8221; text_font_size=&#8221;27px&#8221; text_orientation=&#8221;center&#8221; global_colors_info=&#8221;{}&#8221;]<\/p>\n<p>Solicita m\u00e9s informaci\u00f3<\/p>\n<p>[\/et_pb_text][et_pb_contact_form captcha=&#8221;off&#8221; email=&#8221;info@obiform.com, nuria@obiform.com,&#8221; success_message=&#8221;Gracias por tu mensaje, lo revisaremos y nos pondremos en contacto contigo lo antes posible.&#8221; submit_button_text=&#8221;Enviar&#8221; module_id=&#8221;contactaahora&#8221; _builder_version=&#8221;4.14.7&#8243; form_field_background_color=&#8221;rgba(0,0,0,0)&#8221; title_text_align=&#8221;center&#8221; form_field_font=&#8221;||||||||&#8221; button_icon=&#8221;&#x24;||divi||400&#8243; button_on_hover=&#8221;off&#8221; border_width_all=&#8221;1px&#8221; border_color_all=&#8221;rgba(51,51,51,0.17)&#8221; form_background_color=&#8221;rgba(0,0,0,0)&#8221; global_module=&#8221;243579&#8243; saved_tabs=&#8221;all&#8221; global_colors_info=&#8221;{}&#8221;][et_pb_contact_field field_id=&#8221;Nom&#8221; field_title=&#8221;Nom*&#8221; fullwidth_field=&#8221;on&#8221; _builder_version=&#8221;4.14.7&#8243; custom_margin=&#8221;||15px||false|false&#8221; global_colors_info=&#8221;{}&#8221; button_text_size__hover_enabled=&#8221;off&#8221; button_one_text_size__hover_enabled=&#8221;off&#8221; button_two_text_size__hover_enabled=&#8221;off&#8221; button_text_color__hover_enabled=&#8221;off&#8221; button_one_text_color__hover_enabled=&#8221;off&#8221; button_two_text_color__hover_enabled=&#8221;off&#8221; button_border_width__hover_enabled=&#8221;off&#8221; button_one_border_width__hover_enabled=&#8221;off&#8221; button_two_border_width__hover_enabled=&#8221;off&#8221; button_border_color__hover_enabled=&#8221;off&#8221; button_one_border_color__hover_enabled=&#8221;off&#8221; button_two_border_color__hover_enabled=&#8221;off&#8221; button_border_radius__hover_enabled=&#8221;off&#8221; button_one_border_radius__hover_enabled=&#8221;off&#8221; button_two_border_radius__hover_enabled=&#8221;off&#8221; button_letter_spacing__hover_enabled=&#8221;off&#8221; button_one_letter_spacing__hover_enabled=&#8221;off&#8221; button_two_letter_spacing__hover_enabled=&#8221;off&#8221; button_bg_color__hover_enabled=&#8221;off&#8221; button_one_bg_color__hover_enabled=&#8221;off&#8221; button_two_bg_color__hover_enabled=&#8221;off&#8221;][\/et_pb_contact_field][et_pb_contact_field field_id=&#8221;T\u00e8l&#8221; field_title=&#8221;Tel\u00e8fon*&#8221; _builder_version=&#8221;4.14.7&#8243; custom_margin=&#8221;||15px||false|false&#8221; global_colors_info=&#8221;{}&#8221; button_text_size__hover_enabled=&#8221;off&#8221; button_one_text_size__hover_enabled=&#8221;off&#8221; button_two_text_size__hover_enabled=&#8221;off&#8221; button_text_color__hover_enabled=&#8221;off&#8221; button_one_text_color__hover_enabled=&#8221;off&#8221; button_two_text_color__hover_enabled=&#8221;off&#8221; button_border_width__hover_enabled=&#8221;off&#8221; button_one_border_width__hover_enabled=&#8221;off&#8221; button_two_border_width__hover_enabled=&#8221;off&#8221; button_border_color__hover_enabled=&#8221;off&#8221; button_one_border_color__hover_enabled=&#8221;off&#8221; button_two_border_color__hover_enabled=&#8221;off&#8221; button_border_radius__hover_enabled=&#8221;off&#8221; button_one_border_radius__hover_enabled=&#8221;off&#8221; button_two_border_radius__hover_enabled=&#8221;off&#8221; button_letter_spacing__hover_enabled=&#8221;off&#8221; button_one_letter_spacing__hover_enabled=&#8221;off&#8221; button_two_letter_spacing__hover_enabled=&#8221;off&#8221; button_bg_color__hover_enabled=&#8221;off&#8221; button_one_bg_color__hover_enabled=&#8221;off&#8221; button_two_bg_color__hover_enabled=&#8221;off&#8221;][\/et_pb_contact_field][et_pb_contact_field field_id=&#8221;Email&#8221; field_title=&#8221;Email *&#8221; field_type=&#8221;email&#8221; _builder_version=&#8221;4.14.7&#8243; custom_margin=&#8221;||15px||false|false&#8221; global_colors_info=&#8221;{}&#8221; button_text_size__hover_enabled=&#8221;off&#8221; button_one_text_size__hover_enabled=&#8221;off&#8221; button_two_text_size__hover_enabled=&#8221;off&#8221; button_text_color__hover_enabled=&#8221;off&#8221; button_one_text_color__hover_enabled=&#8221;off&#8221; button_two_text_color__hover_enabled=&#8221;off&#8221; button_border_width__hover_enabled=&#8221;off&#8221; button_one_border_width__hover_enabled=&#8221;off&#8221; button_two_border_width__hover_enabled=&#8221;off&#8221; button_border_color__hover_enabled=&#8221;off&#8221; button_one_border_color__hover_enabled=&#8221;off&#8221; button_two_border_color__hover_enabled=&#8221;off&#8221; button_border_radius__hover_enabled=&#8221;off&#8221; button_one_border_radius__hover_enabled=&#8221;off&#8221; button_two_border_radius__hover_enabled=&#8221;off&#8221; button_letter_spacing__hover_enabled=&#8221;off&#8221; button_one_letter_spacing__hover_enabled=&#8221;off&#8221; button_two_letter_spacing__hover_enabled=&#8221;off&#8221; button_bg_color__hover_enabled=&#8221;off&#8221; button_one_bg_color__hover_enabled=&#8221;off&#8221; button_two_bg_color__hover_enabled=&#8221;off&#8221;][\/et_pb_contact_field][et_pb_contact_field field_id=&#8221;Direcci\u00f3&#8221; field_title=&#8221;Direcci\u00f3&#8221; required_mark=&#8221;off&#8221; _builder_version=&#8221;4.14.7&#8243; custom_margin=&#8221;||15px||false|false&#8221; global_colors_info=&#8221;{}&#8221; button_text_size__hover_enabled=&#8221;off&#8221; button_one_text_size__hover_enabled=&#8221;off&#8221; button_two_text_size__hover_enabled=&#8221;off&#8221; button_text_color__hover_enabled=&#8221;off&#8221; button_one_text_color__hover_enabled=&#8221;off&#8221; button_two_text_color__hover_enabled=&#8221;off&#8221; button_border_width__hover_enabled=&#8221;off&#8221; button_one_border_width__hover_enabled=&#8221;off&#8221; button_two_border_width__hover_enabled=&#8221;off&#8221; button_border_color__hover_enabled=&#8221;off&#8221; button_one_border_color__hover_enabled=&#8221;off&#8221; button_two_border_color__hover_enabled=&#8221;off&#8221; button_border_radius__hover_enabled=&#8221;off&#8221; button_one_border_radius__hover_enabled=&#8221;off&#8221; button_two_border_radius__hover_enabled=&#8221;off&#8221; button_letter_spacing__hover_enabled=&#8221;off&#8221; button_one_letter_spacing__hover_enabled=&#8221;off&#8221; button_two_letter_spacing__hover_enabled=&#8221;off&#8221; button_bg_color__hover_enabled=&#8221;off&#8221; button_one_bg_color__hover_enabled=&#8221;off&#8221; button_two_bg_color__hover_enabled=&#8221;off&#8221;][\/et_pb_contact_field][et_pb_contact_field field_id=&#8221;Ciutat&#8221; field_title=&#8221;Ciutat&#8221; required_mark=&#8221;off&#8221; _builder_version=&#8221;4.14.7&#8243; custom_margin=&#8221;||15px||false|false&#8221; global_colors_info=&#8221;{}&#8221; button_text_size__hover_enabled=&#8221;off&#8221; button_one_text_size__hover_enabled=&#8221;off&#8221; button_two_text_size__hover_enabled=&#8221;off&#8221; button_text_color__hover_enabled=&#8221;off&#8221; button_one_text_color__hover_enabled=&#8221;off&#8221; button_two_text_color__hover_enabled=&#8221;off&#8221; button_border_width__hover_enabled=&#8221;off&#8221; button_one_border_width__hover_enabled=&#8221;off&#8221; button_two_border_width__hover_enabled=&#8221;off&#8221; button_border_color__hover_enabled=&#8221;off&#8221; button_one_border_color__hover_enabled=&#8221;off&#8221; button_two_border_color__hover_enabled=&#8221;off&#8221; button_border_radius__hover_enabled=&#8221;off&#8221; button_one_border_radius__hover_enabled=&#8221;off&#8221; button_two_border_radius__hover_enabled=&#8221;off&#8221; button_letter_spacing__hover_enabled=&#8221;off&#8221; button_one_letter_spacing__hover_enabled=&#8221;off&#8221; button_two_letter_spacing__hover_enabled=&#8221;off&#8221; button_bg_color__hover_enabled=&#8221;off&#8221; button_one_bg_color__hover_enabled=&#8221;off&#8221; button_two_bg_color__hover_enabled=&#8221;off&#8221;][\/et_pb_contact_field][et_pb_contact_field field_id=&#8221;Missatge&#8221; field_title=&#8221;Missatge&#8221; field_type=&#8221;text&#8221; fullwidth_field=&#8221;on&#8221; _builder_version=&#8221;4.14.7&#8243; custom_margin=&#8221;||15px||false|false&#8221; global_colors_info=&#8221;{}&#8221; button_text_size__hover_enabled=&#8221;off&#8221; button_one_text_size__hover_enabled=&#8221;off&#8221; button_two_text_size__hover_enabled=&#8221;off&#8221; button_text_color__hover_enabled=&#8221;off&#8221; button_one_text_color__hover_enabled=&#8221;off&#8221; button_two_text_color__hover_enabled=&#8221;off&#8221; button_border_width__hover_enabled=&#8221;off&#8221; button_one_border_width__hover_enabled=&#8221;off&#8221; button_two_border_width__hover_enabled=&#8221;off&#8221; button_border_color__hover_enabled=&#8221;off&#8221; button_one_border_color__hover_enabled=&#8221;off&#8221; button_two_border_color__hover_enabled=&#8221;off&#8221; button_border_radius__hover_enabled=&#8221;off&#8221; button_one_border_radius__hover_enabled=&#8221;off&#8221; button_two_border_radius__hover_enabled=&#8221;off&#8221; button_letter_spacing__hover_enabled=&#8221;off&#8221; button_one_letter_spacing__hover_enabled=&#8221;off&#8221; button_two_letter_spacing__hover_enabled=&#8221;off&#8221; button_bg_color__hover_enabled=&#8221;off&#8221; button_one_bg_color__hover_enabled=&#8221;off&#8221; button_two_bg_color__hover_enabled=&#8221;off&#8221;][\/et_pb_contact_field][et_pb_contact_field field_id=&#8221;Privacitat&#8221; field_title=&#8221;Privacitat&#8221; field_type=&#8221;checkbox&#8221; checkbox_options=&#8221;%91{%22value%22:%22He llegit i accepto els termes i condicions i la Pol\u00edtica de Privacitat *%22,%22checked%22:0,%22dragID%22:-1,%22link_url%22:%22\/ca\/avis-legal%22,%22link_text%22:%22Av\u00eds Legal%22}%93&#8243; fullwidth_field=&#8221;on&#8221; _builder_version=&#8221;4.14.7&#8243; _module_preset=&#8221;default&#8221; form_field_font_size=&#8221;14px&#8221; custom_margin=&#8221;||5px||false|false&#8221; global_colors_info=&#8221;{}&#8221;][\/et_pb_contact_field][et_pb_contact_field field_id=&#8221;Comercial&#8221; field_title=&#8221;Correu comercial&#8221; field_type=&#8221;checkbox&#8221; checkbox_options=&#8221;%91{%22value%22:%22Accepto rebre informaci\u00f3 comercial per correu electr\u00f2nic.%22,%22checked%22:0,%22dragID%22:-1,%22link_url%22:%22%22,%22link_text%22:%22%22}%93&#8243; required_mark=&#8221;off&#8221; fullwidth_field=&#8221;on&#8221; _builder_version=&#8221;4.14.7&#8243; _module_preset=&#8221;default&#8221; form_field_font_size=&#8221;14px&#8221; custom_margin=&#8221;||5px||false|false&#8221; global_colors_info=&#8221;{}&#8221;][\/et_pb_contact_field][\/et_pb_contact_form][\/et_pb_column][\/et_pb_section]<\/p>\n","protected":false},"excerpt":{"rendered":"<p>Cambres anecoiquesUna cambra anecoica \u00e9s una sala especialment dissenyada per a &#8220;estudiar&#8221; el so de qualsevol font o aparell, les peces que recobreixen tant les parets com el sostre com el s\u00f2l, han d&#8217;estar fabricades amb poliuretans molt especials, qualsevol tipus d&#8217;escuma, no seria v\u00e0lida, han de ser poliuretans amb un pas d&#8217;aire espec\u00edfic entre [&hellip;]<\/p>\n","protected":false},"author":2,"featured_media":0,"parent":0,"menu_order":0,"comment_status":"closed","ping_status":"closed","template":"","meta":{"_et_pb_use_builder":"on","_et_pb_old_content":"","_et_gb_content_width":"","_joinchat":[],"footnotes":""},"class_list":["post-243304","page","type-page","status-publish","hentry"],"yoast_head":"<!-- This site is optimized with the Yoast SEO plugin v24.3 - https:\/\/yoast.com\/wordpress\/plugins\/seo\/ -->\n<title>\u25b7 Escumes per cambres anecoiques - Basotectr - Obiform.com<\/title>\n<meta name=\"description\" content=\"En Obiform produ\u00efm escumes per a cambres anecoiques. Material exclusiu per a facilitar i ajudar en l&#039;estudi de qualsevol so. Contacta ja!.\" \/>\n<meta name=\"robots\" content=\"index, follow, max-snippet:-1, max-image-preview:large, max-video-preview:-1\" \/>\n<link rel=\"canonical\" href=\"https:\/\/www.obiform.com\/ca\/cambres-anecoiques\" \/>\n<meta property=\"og:locale\" content=\"ca_ES\" \/>\n<meta property=\"og:type\" content=\"article\" \/>\n<meta property=\"og:title\" content=\"\u25b7 Escumes per cambres anecoiques - Basotectr - Obiform.com\" \/>\n<meta property=\"og:description\" content=\"En Obiform produ\u00efm escumes per a cambres anecoiques. Material exclusiu per a facilitar i ajudar en l&#039;estudi de qualsevol so. Contacta ja!.\" \/>\n<meta property=\"og:url\" content=\"https:\/\/www.obiform.com\/ca\/cambres-anecoiques\" \/>\n<meta property=\"og:site_name\" content=\"Obiform\" \/>\n<meta property=\"article:modified_time\" content=\"2022-02-07T10:37:22+00:00\" \/>\n<meta name=\"twitter:card\" content=\"summary_large_image\" \/>\n<meta name=\"twitter:label1\" content=\"Temps estimat de lectura\" \/>\n\t<meta name=\"twitter:data1\" content=\"10 minuts\" \/>\n<script type=\"application\/ld+json\" class=\"yoast-schema-graph\">{\"@context\":\"https:\/\/schema.org\",\"@graph\":[{\"@type\":\"WebPage\",\"@id\":\"https:\/\/www.obiform.com\/ca\/cambres-anecoiques\",\"url\":\"https:\/\/www.obiform.com\/ca\/cambres-anecoiques\",\"name\":\"\u25b7 Escumes per cambres anecoiques - Basotectr - Obiform.com\",\"isPartOf\":{\"@id\":\"https:\/\/www.obiform.com\/#website\"},\"datePublished\":\"2021-12-01T10:31:39+00:00\",\"dateModified\":\"2022-02-07T10:37:22+00:00\",\"description\":\"En Obiform produ\u00efm escumes per a cambres anecoiques. Material exclusiu per a facilitar i ajudar en l'estudi de qualsevol so. Contacta ja!.\",\"inLanguage\":\"ca\",\"potentialAction\":[{\"@type\":\"ReadAction\",\"target\":[\"https:\/\/www.obiform.com\/ca\/cambres-anecoiques\"]}]},{\"@type\":\"WebSite\",\"@id\":\"https:\/\/www.obiform.com\/#website\",\"url\":\"https:\/\/www.obiform.com\/\",\"name\":\"Obiform\",\"description\":\"\",\"potentialAction\":[{\"@type\":\"SearchAction\",\"target\":{\"@type\":\"EntryPoint\",\"urlTemplate\":\"https:\/\/www.obiform.com\/?s={search_term_string}\"},\"query-input\":{\"@type\":\"PropertyValueSpecification\",\"valueRequired\":true,\"valueName\":\"search_term_string\"}}],\"inLanguage\":\"ca\"}]}<\/script>\n<!-- \/ Yoast SEO plugin. -->","yoast_head_json":{"title":"\u25b7 Escumes per cambres anecoiques - Basotectr - Obiform.com","description":"En Obiform produ\u00efm escumes per a cambres anecoiques. Material exclusiu per a facilitar i ajudar en l'estudi de qualsevol so. Contacta ja!.","robots":{"index":"index","follow":"follow","max-snippet":"max-snippet:-1","max-image-preview":"max-image-preview:large","max-video-preview":"max-video-preview:-1"},"canonical":"https:\/\/www.obiform.com\/ca\/cambres-anecoiques","og_locale":"ca_ES","og_type":"article","og_title":"\u25b7 Escumes per cambres anecoiques - Basotectr - Obiform.com","og_description":"En Obiform produ\u00efm escumes per a cambres anecoiques. Material exclusiu per a facilitar i ajudar en l'estudi de qualsevol so. Contacta ja!.","og_url":"https:\/\/www.obiform.com\/ca\/cambres-anecoiques","og_site_name":"Obiform","article_modified_time":"2022-02-07T10:37:22+00:00","twitter_card":"summary_large_image","twitter_misc":{"Temps estimat de lectura":"10 minuts"},"schema":{"@context":"https:\/\/schema.org","@graph":[{"@type":"WebPage","@id":"https:\/\/www.obiform.com\/ca\/cambres-anecoiques","url":"https:\/\/www.obiform.com\/ca\/cambres-anecoiques","name":"\u25b7 Escumes per cambres anecoiques - Basotectr - Obiform.com","isPartOf":{"@id":"https:\/\/www.obiform.com\/#website"},"datePublished":"2021-12-01T10:31:39+00:00","dateModified":"2022-02-07T10:37:22+00:00","description":"En Obiform produ\u00efm escumes per a cambres anecoiques. Material exclusiu per a facilitar i ajudar en l'estudi de qualsevol so. Contacta ja!.","inLanguage":"ca","potentialAction":[{"@type":"ReadAction","target":["https:\/\/www.obiform.com\/ca\/cambres-anecoiques"]}]},{"@type":"WebSite","@id":"https:\/\/www.obiform.com\/#website","url":"https:\/\/www.obiform.com\/","name":"Obiform","description":"","potentialAction":[{"@type":"SearchAction","target":{"@type":"EntryPoint","urlTemplate":"https:\/\/www.obiform.com\/?s={search_term_string}"},"query-input":{"@type":"PropertyValueSpecification","valueRequired":true,"valueName":"search_term_string"}}],"inLanguage":"ca"}]}},"_links":{"self":[{"href":"https:\/\/www.obiform.com\/ca\/wp-json\/wp\/v2\/pages\/243304","targetHints":{"allow":["GET"]}}],"collection":[{"href":"https:\/\/www.obiform.com\/ca\/wp-json\/wp\/v2\/pages"}],"about":[{"href":"https:\/\/www.obiform.com\/ca\/wp-json\/wp\/v2\/types\/page"}],"author":[{"embeddable":true,"href":"https:\/\/www.obiform.com\/ca\/wp-json\/wp\/v2\/users\/2"}],"replies":[{"embeddable":true,"href":"https:\/\/www.obiform.com\/ca\/wp-json\/wp\/v2\/comments?post=243304"}],"version-history":[{"count":5,"href":"https:\/\/www.obiform.com\/ca\/wp-json\/wp\/v2\/pages\/243304\/revisions"}],"predecessor-version":[{"id":244110,"href":"https:\/\/www.obiform.com\/ca\/wp-json\/wp\/v2\/pages\/243304\/revisions\/244110"}],"wp:attachment":[{"href":"https:\/\/www.obiform.com\/ca\/wp-json\/wp\/v2\/media?parent=243304"}],"curies":[{"name":"wp","href":"https:\/\/api.w.org\/{rel}","templated":true}]}}