{"id":243246,"date":"2021-12-02T12:02:26","date_gmt":"2021-12-02T12:02:26","guid":{"rendered":"https:\/\/www.obiform.com\/filtros-acuarios"},"modified":"2022-02-07T12:25:23","modified_gmt":"2022-02-07T12:25:23","slug":"filtres-aquaris","status":"publish","type":"page","link":"https:\/\/www.obiform.com\/ca\/filtres-aquaris","title":{"rendered":"Filtres aquaris"},"content":{"rendered":"<p>[et_pb_section fb_built=&#8221;1&#8243; _builder_version=&#8221;4.14.1&#8243; _module_preset=&#8221;default&#8221; background_enable_color=&#8221;off&#8221; use_background_color_gradient=&#8221;on&#8221; background_color_gradient_start=&#8221;#e8e8ff&#8221; background_color_gradient_end=&#8221;rgba(255,255,255,0)&#8221; background_color_gradient_start_position=&#8221;50%&#8221; custom_padding=&#8221;15px||15px||true|&#8221; global_colors_info=&#8221;{}&#8221;][et_pb_row _builder_version=&#8221;4.14.1&#8243; _module_preset=&#8221;default&#8221; custom_padding=&#8221;26px||26px||true|&#8221; global_colors_info=&#8221;{}&#8221;][et_pb_column type=&#8221;4_4&#8243; _builder_version=&#8221;4.14.1&#8243; _module_preset=&#8221;default&#8221; global_colors_info=&#8221;{}&#8221;][et_pb_text _builder_version=&#8221;4.14.7&#8243; _module_preset=&#8221;default&#8221; header_text_align=&#8221;center&#8221; header_font_size=&#8221;36px&#8221; header_line_height=&#8221;40px&#8221; header_3_font=&#8221;||on||||||&#8221; header_3_text_align=&#8221;center&#8221; header_3_text_color=&#8221;#0C71C3&#8243; header_3_font_size=&#8221;18px&#8221; custom_margin=&#8221;||7px|||&#8221; global_colors_info=&#8221;{}&#8221;]<\/p>\n<h1>Filtres aquaris<\/h1>\n<p>[\/et_pb_text][et_pb_button button_url=&#8221;#contactaahora&#8221; button_text=&#8221;Contacta ara&#8221; button_alignment=&#8221;center&#8221; disabled_on=&#8221;off|off|on&#8221; _builder_version=&#8221;4.14.7&#8243; _module_preset=&#8221;default&#8221; custom_button=&#8221;on&#8221; button_text_size=&#8221;15px&#8221; button_use_icon=&#8221;off&#8221; global_colors_info=&#8221;{}&#8221;][\/et_pb_button][\/et_pb_column][\/et_pb_row][\/et_pb_section][et_pb_section fb_built=&#8221;1&#8243; specialty=&#8221;on&#8221; _builder_version=&#8221;4.14.1&#8243; _module_preset=&#8221;default&#8221; custom_padding=&#8221;17px||37px|||&#8221; global_colors_info=&#8221;{}&#8221;][et_pb_column type=&#8221;1_2&#8243; specialty_columns=&#8221;2&#8243; _builder_version=&#8221;3.25&#8243; custom_padding=&#8221;|||&#8221; global_colors_info=&#8221;{}&#8221; custom_padding__hover=&#8221;|||&#8221;][et_pb_row_inner use_custom_gutter=&#8221;on&#8221; gutter_width=&#8221;2&#8243; custom_padding_last_edited=&#8221;on|phone&#8221; _builder_version=&#8221;4.14.1&#8243; _module_preset=&#8221;default&#8221; custom_padding=&#8221;34px||35px||false|false&#8221; custom_padding_tablet=&#8221;34px||35px||false|false&#8221; custom_padding_phone=&#8221;0px||35px||false|false&#8221; global_colors_info=&#8221;{}&#8221;][et_pb_column_inner saved_specialty_column_type=&#8221;1_2&#8243; _builder_version=&#8221;4.14.1&#8243; _module_preset=&#8221;default&#8221; global_colors_info=&#8221;{}&#8221;][et_pb_text _builder_version=&#8221;4.14.7&#8243; _module_preset=&#8221;default&#8221; text_orientation=&#8221;justified&#8221; hover_enabled=&#8221;0&#8243; text_orientation_tablet=&#8221;justified&#8221; text_orientation_phone=&#8221;left&#8221; text_orientation_last_edited=&#8221;on|desktop&#8221; global_colors_info=&#8221;{}&#8221; sticky_enabled=&#8221;0&#8243;]<\/p>\n<p>El <strong>PPI, en base polieter<\/strong>, (color blau) \u00e9s un material especial per a filtres d&#8217;aigua per als aquaris i aquosos en general, preserven la higiene de la fauna en aquesta mena d&#8217;instal\u00b7lacions, \u00e9s un material especialment fabricat per a no danyar en absolut a aquesta mena de fauna, perqu\u00e8 qualsevol tipus d&#8217;escuma de poliuret\u00e0 podria danyar-los de manera irreversible.<\/p>\n<p>[\/et_pb_text][\/et_pb_column_inner][\/et_pb_row_inner][et_pb_row_inner column_structure=&#8221;1_2,1_2&#8243; use_custom_gutter=&#8221;on&#8221; gutter_width=&#8221;1&#8243; _builder_version=&#8221;4.14.1&#8243; _module_preset=&#8221;default&#8221; max_width=&#8221;1080px&#8221; custom_padding=&#8221;0px||0px|||&#8221; box_shadow_style=&#8221;preset3&#8243; global_colors_info=&#8221;{}&#8221;][et_pb_column_inner type=&#8221;1_2&#8243; saved_specialty_column_type=&#8221;1_2&#8243; _builder_version=&#8221;4.14.1&#8243; _module_preset=&#8221;default&#8221; global_colors_info=&#8221;{}&#8221;][et_pb_image src=&#8221;https:\/\/obiform.com\/wp-content\/uploads\/revslider\/filtros\/filtros-1.png&#8221; title_text=&#8221;filtros-1.png&#8221; show_in_lightbox=&#8221;on&#8221; align=&#8221;center&#8221; _builder_version=&#8221;4.14.1&#8243; _module_preset=&#8221;default&#8221; global_colors_info=&#8221;{}&#8221;][\/et_pb_image][\/et_pb_column_inner][et_pb_column_inner type=&#8221;1_2&#8243; saved_specialty_column_type=&#8221;1_2&#8243; _builder_version=&#8221;4.14.1&#8243; _module_preset=&#8221;default&#8221; global_colors_info=&#8221;{}&#8221;][et_pb_image src=&#8221;https:\/\/obiform.com\/wp-content\/uploads\/revslider\/filtros\/filtros-2.png&#8221; title_text=&#8221;filtros-2.png&#8221; show_in_lightbox=&#8221;on&#8221; align=&#8221;center&#8221; _builder_version=&#8221;4.14.1&#8243; _module_preset=&#8221;default&#8221; global_colors_info=&#8221;{}&#8221;][\/et_pb_image][\/et_pb_column_inner][\/et_pb_row_inner][et_pb_row_inner use_custom_gutter=&#8221;on&#8221; gutter_width=&#8221;2&#8243; _builder_version=&#8221;4.14.1&#8243; _module_preset=&#8221;default&#8221; custom_padding=&#8221;0px||35px||false|false&#8221; global_colors_info=&#8221;{}&#8221;][et_pb_column_inner saved_specialty_column_type=&#8221;1_2&#8243; _builder_version=&#8221;4.14.1&#8243; _module_preset=&#8221;default&#8221; global_colors_info=&#8221;{}&#8221;][et_pb_text _builder_version=&#8221;4.14.7&#8243; _module_preset=&#8221;default&#8221; text_orientation=&#8221;justified&#8221; custom_margin=&#8221;30px||||false|false&#8221; text_orientation_tablet=&#8221;justified&#8221; text_orientation_phone=&#8221;left&#8221; text_orientation_last_edited=&#8221;on|desktop&#8221; global_colors_info=&#8221;{}&#8221;]La presentaci\u00f3 standard \u00e9s en planxes de 2000 x 1000 mm, pel gruix que es desitgi, tamb\u00e9 fabriquem peces d&#8217;altres dimensions sota comanda.<\/p>\n<p>Les escumes denominades PPI (porus per polzada), s\u00f3n materials de porus controlat, disposem de 10, 20, 30 i 45 porus per polzada, perqu\u00e8 depenent de la mena de filtre, es necessitar\u00e0 l&#8217;un o l&#8217;altre.[\/et_pb_text][\/et_pb_column_inner][\/et_pb_row_inner][\/et_pb_column][et_pb_column type=&#8221;1_2&#8243; _builder_version=&#8221;3.25&#8243; custom_padding=&#8221;|||&#8221; global_colors_info=&#8221;{}&#8221; custom_padding__hover=&#8221;|||&#8221;][et_pb_text _builder_version=&#8221;4.14.7&#8243; _module_preset=&#8221;default&#8221; text_font_size=&#8221;27px&#8221; text_orientation=&#8221;center&#8221; global_colors_info=&#8221;{}&#8221;]<\/p>\n<p>Solicita m\u00e9s informaci\u00f3<\/p>\n<p>[\/et_pb_text][et_pb_contact_form captcha=&#8221;off&#8221; email=&#8221;info@obiform.com, &#8221; success_message=&#8221;Gracias por tu mensaje, lo revisaremos y nos pondremos en contacto contigo lo antes posible.&#8221; module_id=&#8221;contactaahora&#8221; _builder_version=&#8221;4.14.1&#8243; form_field_background_color=&#8221;rgba(0,0,0,0)&#8221; title_text_align=&#8221;center&#8221; form_field_font=&#8221;||||||||&#8221; button_icon=&#8221;&#x24;||divi||400&#8243; button_on_hover=&#8221;off&#8221; border_width_all=&#8221;1px&#8221; border_color_all=&#8221;rgba(51,51,51,0.17)&#8221; form_background_color=&#8221;rgba(0,0,0,0)&#8221; global_colors_info=&#8221;{}&#8221;][et_pb_contact_field field_id=&#8221;Nombre&#8221; field_title=&#8221;Nombre *&#8221; fullwidth_field=&#8221;on&#8221; _builder_version=&#8221;4.14.1&#8243; custom_margin=&#8221;||15px||false|false&#8221; global_colors_info=&#8221;{}&#8221; button_text_size__hover_enabled=&#8221;off&#8221; button_one_text_size__hover_enabled=&#8221;off&#8221; button_two_text_size__hover_enabled=&#8221;off&#8221; button_text_color__hover_enabled=&#8221;off&#8221; button_one_text_color__hover_enabled=&#8221;off&#8221; button_two_text_color__hover_enabled=&#8221;off&#8221; button_border_width__hover_enabled=&#8221;off&#8221; button_one_border_width__hover_enabled=&#8221;off&#8221; button_two_border_width__hover_enabled=&#8221;off&#8221; button_border_color__hover_enabled=&#8221;off&#8221; button_one_border_color__hover_enabled=&#8221;off&#8221; button_two_border_color__hover_enabled=&#8221;off&#8221; button_border_radius__hover_enabled=&#8221;off&#8221; button_one_border_radius__hover_enabled=&#8221;off&#8221; button_two_border_radius__hover_enabled=&#8221;off&#8221; button_letter_spacing__hover_enabled=&#8221;off&#8221; button_one_letter_spacing__hover_enabled=&#8221;off&#8221; button_two_letter_spacing__hover_enabled=&#8221;off&#8221; button_bg_color__hover_enabled=&#8221;off&#8221; button_one_bg_color__hover_enabled=&#8221;off&#8221; button_two_bg_color__hover_enabled=&#8221;off&#8221;][\/et_pb_contact_field][et_pb_contact_field field_id=&#8221;Tel&#8221; field_title=&#8221;Tel\u00e9fono *&#8221; _builder_version=&#8221;4.14.1&#8243; custom_margin=&#8221;||15px||false|false&#8221; global_colors_info=&#8221;{}&#8221; button_text_size__hover_enabled=&#8221;off&#8221; button_one_text_size__hover_enabled=&#8221;off&#8221; button_two_text_size__hover_enabled=&#8221;off&#8221; button_text_color__hover_enabled=&#8221;off&#8221; button_one_text_color__hover_enabled=&#8221;off&#8221; button_two_text_color__hover_enabled=&#8221;off&#8221; button_border_width__hover_enabled=&#8221;off&#8221; button_one_border_width__hover_enabled=&#8221;off&#8221; button_two_border_width__hover_enabled=&#8221;off&#8221; button_border_color__hover_enabled=&#8221;off&#8221; button_one_border_color__hover_enabled=&#8221;off&#8221; button_two_border_color__hover_enabled=&#8221;off&#8221; button_border_radius__hover_enabled=&#8221;off&#8221; button_one_border_radius__hover_enabled=&#8221;off&#8221; button_two_border_radius__hover_enabled=&#8221;off&#8221; button_letter_spacing__hover_enabled=&#8221;off&#8221; button_one_letter_spacing__hover_enabled=&#8221;off&#8221; button_two_letter_spacing__hover_enabled=&#8221;off&#8221; button_bg_color__hover_enabled=&#8221;off&#8221; button_one_bg_color__hover_enabled=&#8221;off&#8221; button_two_bg_color__hover_enabled=&#8221;off&#8221;][\/et_pb_contact_field][et_pb_contact_field field_id=&#8221;Email&#8221; field_title=&#8221;Email *&#8221; field_type=&#8221;email&#8221; _builder_version=&#8221;4.14.1&#8243; custom_margin=&#8221;||15px||false|false&#8221; global_colors_info=&#8221;{}&#8221; button_text_size__hover_enabled=&#8221;off&#8221; button_one_text_size__hover_enabled=&#8221;off&#8221; button_two_text_size__hover_enabled=&#8221;off&#8221; button_text_color__hover_enabled=&#8221;off&#8221; button_one_text_color__hover_enabled=&#8221;off&#8221; button_two_text_color__hover_enabled=&#8221;off&#8221; button_border_width__hover_enabled=&#8221;off&#8221; button_one_border_width__hover_enabled=&#8221;off&#8221; button_two_border_width__hover_enabled=&#8221;off&#8221; button_border_color__hover_enabled=&#8221;off&#8221; button_one_border_color__hover_enabled=&#8221;off&#8221; button_two_border_color__hover_enabled=&#8221;off&#8221; button_border_radius__hover_enabled=&#8221;off&#8221; button_one_border_radius__hover_enabled=&#8221;off&#8221; button_two_border_radius__hover_enabled=&#8221;off&#8221; button_letter_spacing__hover_enabled=&#8221;off&#8221; button_one_letter_spacing__hover_enabled=&#8221;off&#8221; button_two_letter_spacing__hover_enabled=&#8221;off&#8221; button_bg_color__hover_enabled=&#8221;off&#8221; button_one_bg_color__hover_enabled=&#8221;off&#8221; button_two_bg_color__hover_enabled=&#8221;off&#8221;][\/et_pb_contact_field][et_pb_contact_field field_id=&#8221;Direccion&#8221; field_title=&#8221;Direcci\u00f3n&#8221; required_mark=&#8221;off&#8221; _builder_version=&#8221;4.14.1&#8243; custom_margin=&#8221;||15px||false|false&#8221; global_colors_info=&#8221;{}&#8221; button_text_size__hover_enabled=&#8221;off&#8221; button_one_text_size__hover_enabled=&#8221;off&#8221; button_two_text_size__hover_enabled=&#8221;off&#8221; button_text_color__hover_enabled=&#8221;off&#8221; button_one_text_color__hover_enabled=&#8221;off&#8221; button_two_text_color__hover_enabled=&#8221;off&#8221; button_border_width__hover_enabled=&#8221;off&#8221; button_one_border_width__hover_enabled=&#8221;off&#8221; button_two_border_width__hover_enabled=&#8221;off&#8221; button_border_color__hover_enabled=&#8221;off&#8221; button_one_border_color__hover_enabled=&#8221;off&#8221; button_two_border_color__hover_enabled=&#8221;off&#8221; button_border_radius__hover_enabled=&#8221;off&#8221; button_one_border_radius__hover_enabled=&#8221;off&#8221; button_two_border_radius__hover_enabled=&#8221;off&#8221; button_letter_spacing__hover_enabled=&#8221;off&#8221; button_one_letter_spacing__hover_enabled=&#8221;off&#8221; button_two_letter_spacing__hover_enabled=&#8221;off&#8221; button_bg_color__hover_enabled=&#8221;off&#8221; button_one_bg_color__hover_enabled=&#8221;off&#8221; button_two_bg_color__hover_enabled=&#8221;off&#8221;][\/et_pb_contact_field][et_pb_contact_field field_id=&#8221;Ciudad&#8221; field_title=&#8221;Ciudad&#8221; required_mark=&#8221;off&#8221; _builder_version=&#8221;4.14.1&#8243; custom_margin=&#8221;||15px||false|false&#8221; global_colors_info=&#8221;{}&#8221; button_text_size__hover_enabled=&#8221;off&#8221; button_one_text_size__hover_enabled=&#8221;off&#8221; button_two_text_size__hover_enabled=&#8221;off&#8221; button_text_color__hover_enabled=&#8221;off&#8221; button_one_text_color__hover_enabled=&#8221;off&#8221; button_two_text_color__hover_enabled=&#8221;off&#8221; button_border_width__hover_enabled=&#8221;off&#8221; button_one_border_width__hover_enabled=&#8221;off&#8221; button_two_border_width__hover_enabled=&#8221;off&#8221; button_border_color__hover_enabled=&#8221;off&#8221; button_one_border_color__hover_enabled=&#8221;off&#8221; button_two_border_color__hover_enabled=&#8221;off&#8221; button_border_radius__hover_enabled=&#8221;off&#8221; button_one_border_radius__hover_enabled=&#8221;off&#8221; button_two_border_radius__hover_enabled=&#8221;off&#8221; button_letter_spacing__hover_enabled=&#8221;off&#8221; button_one_letter_spacing__hover_enabled=&#8221;off&#8221; button_two_letter_spacing__hover_enabled=&#8221;off&#8221; button_bg_color__hover_enabled=&#8221;off&#8221; button_one_bg_color__hover_enabled=&#8221;off&#8221; button_two_bg_color__hover_enabled=&#8221;off&#8221;][\/et_pb_contact_field][et_pb_contact_field field_id=&#8221;Mensaje&#8221; field_title=&#8221;Mensaje&#8221; field_type=&#8221;text&#8221; fullwidth_field=&#8221;on&#8221; _builder_version=&#8221;4.14.1&#8243; custom_margin=&#8221;||15px||false|false&#8221; global_colors_info=&#8221;{}&#8221; button_text_size__hover_enabled=&#8221;off&#8221; button_one_text_size__hover_enabled=&#8221;off&#8221; button_two_text_size__hover_enabled=&#8221;off&#8221; button_text_color__hover_enabled=&#8221;off&#8221; button_one_text_color__hover_enabled=&#8221;off&#8221; button_two_text_color__hover_enabled=&#8221;off&#8221; button_border_width__hover_enabled=&#8221;off&#8221; button_one_border_width__hover_enabled=&#8221;off&#8221; button_two_border_width__hover_enabled=&#8221;off&#8221; button_border_color__hover_enabled=&#8221;off&#8221; button_one_border_color__hover_enabled=&#8221;off&#8221; button_two_border_color__hover_enabled=&#8221;off&#8221; button_border_radius__hover_enabled=&#8221;off&#8221; button_one_border_radius__hover_enabled=&#8221;off&#8221; button_two_border_radius__hover_enabled=&#8221;off&#8221; button_letter_spacing__hover_enabled=&#8221;off&#8221; button_one_letter_spacing__hover_enabled=&#8221;off&#8221; button_two_letter_spacing__hover_enabled=&#8221;off&#8221; button_bg_color__hover_enabled=&#8221;off&#8221; button_one_bg_color__hover_enabled=&#8221;off&#8221; button_two_bg_color__hover_enabled=&#8221;off&#8221;][\/et_pb_contact_field][et_pb_contact_field field_id=&#8221;Privacidad&#8221; field_title=&#8221;Privacidad&#8221; field_type=&#8221;checkbox&#8221; checkbox_options=&#8221;%91{%22value%22:%22He le\u00eddo y acepto los T\u00e9rminos y Condiciones y la Pol\u00edtica de Privacidad *%22,%22checked%22:0,%22dragID%22:-1,%22link_url%22:%22\/aviso-legal%22,%22link_text%22:%22 Aviso legal%22}%93&#8243; fullwidth_field=&#8221;on&#8221; _builder_version=&#8221;4.14.1&#8243; _module_preset=&#8221;default&#8221; form_field_font_size=&#8221;14px&#8221; custom_margin=&#8221;||5px||false|false&#8221; global_colors_info=&#8221;{}&#8221;][\/et_pb_contact_field][et_pb_contact_field field_id=&#8221;Comercial&#8221; field_title=&#8221;Correo comercial&#8221; field_type=&#8221;checkbox&#8221; checkbox_options=&#8221;%91{%22value%22:%22Acepto recibir informaci\u00f3n comercial, incluso por correo electr\u00f3nico.%22,%22checked%22:0,%22dragID%22:-1,%22link_url%22:%22%22,%22link_text%22:%22%22}%93&#8243; required_mark=&#8221;off&#8221; fullwidth_field=&#8221;on&#8221; _builder_version=&#8221;4.14.1&#8243; _module_preset=&#8221;default&#8221; form_field_font_size=&#8221;14px&#8221; custom_margin=&#8221;||5px||false|false&#8221; global_colors_info=&#8221;{}&#8221;][\/et_pb_contact_field][\/et_pb_contact_form][\/et_pb_column][\/et_pb_section]<\/p>\n","protected":false},"excerpt":{"rendered":"<p>Filtres aquarisEl PPI, en base polieter, (color blau) \u00e9s un material especial per a filtres d&#8217;aigua per als aquaris i aquosos en general, preserven la higiene de la fauna en aquesta mena d&#8217;instal\u00b7lacions, \u00e9s un material especialment fabricat per a no danyar en absolut a aquesta mena de fauna, perqu\u00e8 qualsevol tipus d&#8217;escuma de poliuret\u00e0 [&hellip;]<\/p>\n","protected":false},"author":2,"featured_media":0,"parent":0,"menu_order":0,"comment_status":"closed","ping_status":"closed","template":"","meta":{"_et_pb_use_builder":"on","_et_pb_old_content":"","_et_gb_content_width":"","_joinchat":[],"footnotes":""},"class_list":["post-243246","page","type-page","status-publish","hentry"],"yoast_head":"<!-- This site is optimized with the Yoast SEO plugin v24.3 - https:\/\/yoast.com\/wordpress\/plugins\/seo\/ -->\n<title>Filtres Aquaris - Escumes PPI - Obiform.com<\/title>\n<meta name=\"description\" content=\"Obiform fabrica escumes PPI, per a filtres d&#039;aigua, aquaris i aquosos. Aquestes escumes ajuden a la higiene d&#039;aquesta mena d&#039;instal\u00b7lacions.\" \/>\n<meta name=\"robots\" content=\"index, follow, max-snippet:-1, max-image-preview:large, max-video-preview:-1\" \/>\n<link rel=\"canonical\" href=\"https:\/\/www.obiform.com\/ca\/filtres-aquaris\" \/>\n<meta property=\"og:locale\" content=\"ca_ES\" \/>\n<meta property=\"og:type\" content=\"article\" \/>\n<meta property=\"og:title\" content=\"Filtres Aquaris - Escumes PPI - Obiform.com\" \/>\n<meta property=\"og:description\" content=\"Obiform fabrica escumes PPI, per a filtres d&#039;aigua, aquaris i aquosos. Aquestes escumes ajuden a la higiene d&#039;aquesta mena d&#039;instal\u00b7lacions.\" \/>\n<meta property=\"og:url\" content=\"https:\/\/www.obiform.com\/ca\/filtres-aquaris\" \/>\n<meta property=\"og:site_name\" content=\"Obiform\" \/>\n<meta property=\"article:modified_time\" content=\"2022-02-07T12:25:23+00:00\" \/>\n<meta name=\"twitter:card\" content=\"summary_large_image\" \/>\n<meta name=\"twitter:label1\" content=\"Temps estimat de lectura\" \/>\n\t<meta name=\"twitter:data1\" content=\"9 minuts\" \/>\n<script type=\"application\/ld+json\" class=\"yoast-schema-graph\">{\"@context\":\"https:\/\/schema.org\",\"@graph\":[{\"@type\":\"WebPage\",\"@id\":\"https:\/\/www.obiform.com\/ca\/filtres-aquaris\",\"url\":\"https:\/\/www.obiform.com\/ca\/filtres-aquaris\",\"name\":\"Filtres Aquaris - Escumes PPI - Obiform.com\",\"isPartOf\":{\"@id\":\"https:\/\/www.obiform.com\/#website\"},\"datePublished\":\"2021-12-02T12:02:26+00:00\",\"dateModified\":\"2022-02-07T12:25:23+00:00\",\"description\":\"Obiform fabrica escumes PPI, per a filtres d'aigua, aquaris i aquosos. Aquestes escumes ajuden a la higiene d'aquesta mena d'instal\u00b7lacions.\",\"inLanguage\":\"ca\",\"potentialAction\":[{\"@type\":\"ReadAction\",\"target\":[\"https:\/\/www.obiform.com\/ca\/filtres-aquaris\"]}]},{\"@type\":\"WebSite\",\"@id\":\"https:\/\/www.obiform.com\/#website\",\"url\":\"https:\/\/www.obiform.com\/\",\"name\":\"Obiform\",\"description\":\"\",\"potentialAction\":[{\"@type\":\"SearchAction\",\"target\":{\"@type\":\"EntryPoint\",\"urlTemplate\":\"https:\/\/www.obiform.com\/?s={search_term_string}\"},\"query-input\":{\"@type\":\"PropertyValueSpecification\",\"valueRequired\":true,\"valueName\":\"search_term_string\"}}],\"inLanguage\":\"ca\"}]}<\/script>\n<!-- \/ Yoast SEO plugin. -->","yoast_head_json":{"title":"Filtres Aquaris - Escumes PPI - Obiform.com","description":"Obiform fabrica escumes PPI, per a filtres d'aigua, aquaris i aquosos. Aquestes escumes ajuden a la higiene d'aquesta mena d'instal\u00b7lacions.","robots":{"index":"index","follow":"follow","max-snippet":"max-snippet:-1","max-image-preview":"max-image-preview:large","max-video-preview":"max-video-preview:-1"},"canonical":"https:\/\/www.obiform.com\/ca\/filtres-aquaris","og_locale":"ca_ES","og_type":"article","og_title":"Filtres Aquaris - Escumes PPI - Obiform.com","og_description":"Obiform fabrica escumes PPI, per a filtres d'aigua, aquaris i aquosos. Aquestes escumes ajuden a la higiene d'aquesta mena d'instal\u00b7lacions.","og_url":"https:\/\/www.obiform.com\/ca\/filtres-aquaris","og_site_name":"Obiform","article_modified_time":"2022-02-07T12:25:23+00:00","twitter_card":"summary_large_image","twitter_misc":{"Temps estimat de lectura":"9 minuts"},"schema":{"@context":"https:\/\/schema.org","@graph":[{"@type":"WebPage","@id":"https:\/\/www.obiform.com\/ca\/filtres-aquaris","url":"https:\/\/www.obiform.com\/ca\/filtres-aquaris","name":"Filtres Aquaris - Escumes PPI - Obiform.com","isPartOf":{"@id":"https:\/\/www.obiform.com\/#website"},"datePublished":"2021-12-02T12:02:26+00:00","dateModified":"2022-02-07T12:25:23+00:00","description":"Obiform fabrica escumes PPI, per a filtres d'aigua, aquaris i aquosos. Aquestes escumes ajuden a la higiene d'aquesta mena d'instal\u00b7lacions.","inLanguage":"ca","potentialAction":[{"@type":"ReadAction","target":["https:\/\/www.obiform.com\/ca\/filtres-aquaris"]}]},{"@type":"WebSite","@id":"https:\/\/www.obiform.com\/#website","url":"https:\/\/www.obiform.com\/","name":"Obiform","description":"","potentialAction":[{"@type":"SearchAction","target":{"@type":"EntryPoint","urlTemplate":"https:\/\/www.obiform.com\/?s={search_term_string}"},"query-input":{"@type":"PropertyValueSpecification","valueRequired":true,"valueName":"search_term_string"}}],"inLanguage":"ca"}]}},"_links":{"self":[{"href":"https:\/\/www.obiform.com\/ca\/wp-json\/wp\/v2\/pages\/243246","targetHints":{"allow":["GET"]}}],"collection":[{"href":"https:\/\/www.obiform.com\/ca\/wp-json\/wp\/v2\/pages"}],"about":[{"href":"https:\/\/www.obiform.com\/ca\/wp-json\/wp\/v2\/types\/page"}],"author":[{"embeddable":true,"href":"https:\/\/www.obiform.com\/ca\/wp-json\/wp\/v2\/users\/2"}],"replies":[{"embeddable":true,"href":"https:\/\/www.obiform.com\/ca\/wp-json\/wp\/v2\/comments?post=243246"}],"version-history":[{"count":5,"href":"https:\/\/www.obiform.com\/ca\/wp-json\/wp\/v2\/pages\/243246\/revisions"}],"predecessor-version":[{"id":244143,"href":"https:\/\/www.obiform.com\/ca\/wp-json\/wp\/v2\/pages\/243246\/revisions\/244143"}],"wp:attachment":[{"href":"https:\/\/www.obiform.com\/ca\/wp-json\/wp\/v2\/media?parent=243246"}],"curies":[{"name":"wp","href":"https:\/\/api.w.org\/{rel}","templated":true}]}}